{"id":995162,"date":"2024-01-16T20:22:31","date_gmt":"2024-01-16T20:22:31","guid":{"rendered":"https:\/\/kolegjidardania.com\/?page_id=995162"},"modified":"2024-01-16T21:55:01","modified_gmt":"2024-01-16T21:55:01","slug":"student-clubs","status":"publish","type":"page","link":"https:\/\/kolegjidardania.com\/al\/student-clubs\/","title":{"rendered":"Klubet Studentore"},"content":{"rendered":"<div data-elementor-type=\"wp-page\" data-elementor-id=\"995162\" class=\"elementor elementor-995162\">\n\t\t\t\t\t\t\t\t\t<section class=\"elementor-section elementor-top-section elementor-element elementor-element-2f940dc7 elementor-section-height-min-height elementor-section-boxed elementor-section-height-default elementor-section-items-middle\" data-id=\"2f940dc7\" data-element_type=\"section\" data-settings=\"{&quot;background_background&quot;:&quot;classic&quot;}\">\n\t\t\t\t\t\t<div class=\"elementor-container elementor-column-gap-default\">\n\t\t\t\t\t<div class=\"elementor-column elementor-col-100 elementor-top-column elementor-element elementor-element-6082f744\" data-id=\"6082f744\" data-element_type=\"column\" data-settings=\"{&quot;background_background&quot;:&quot;classic&quot;}\">\n\t\t\t<div class=\"elementor-widget-wrap\">\n\t\t\t\t\t\t\t\t\t<\/div>\n\t\t<\/div>\n\t\t\t\t\t\t\t<\/div>\n\t\t<\/section>\n\t\t\t\t<section class=\"elementor-section elementor-top-section elementor-element elementor-element-77ef62fc elementor-section-boxed elementor-section-height-default elementor-section-height-default\" data-id=\"77ef62fc\" data-element_type=\"section\" data-settings=\"{&quot;motion_fx_motion_fx_scrolling&quot;:&quot;yes&quot;,&quot;motion_fx_translateY_effect&quot;:&quot;yes&quot;,&quot;motion_fx_translateY_direction&quot;:&quot;negative&quot;,&quot;motion_fx_translateY_speed&quot;:{&quot;unit&quot;:&quot;px&quot;,&quot;size&quot;:2,&quot;sizes&quot;:[]},&quot;motion_fx_translateY_affectedRange&quot;:{&quot;unit&quot;:&quot;%&quot;,&quot;size&quot;:&quot;&quot;,&quot;sizes&quot;:{&quot;start&quot;:32,&quot;end&quot;:100}},&quot;motion_fx_devices&quot;:[&quot;desktop&quot;]}\">\n\t\t\t\t\t\t<div class=\"elementor-container elementor-column-gap-no\">\n\t\t\t\t\t<div class=\"elementor-column elementor-col-50 elementor-top-column elementor-element elementor-element-4f56dd14 animated-fast elementor-invisible\" data-id=\"4f56dd14\" data-element_type=\"column\" data-settings=\"{&quot;background_background&quot;:&quot;classic&quot;,&quot;animation&quot;:&quot;fadeIn&quot;,&quot;animation_delay&quot;:100,&quot;animation_tablet&quot;:&quot;none&quot;,&quot;animation_mobile&quot;:&quot;none&quot;}\">\n\t\t\t<div class=\"elementor-widget-wrap elementor-element-populated\">\n\t\t\t\t\t\t\t\t<div class=\"elementor-element elementor-element-28b3a00d elementor-widget elementor-widget-text-editor\" data-id=\"28b3a00d\" data-element_type=\"widget\" data-settings=\"{&quot;_animation&quot;:&quot;none&quot;}\" data-widget_type=\"text-editor.default\">\n\t\t\t\t<div class=\"elementor-widget-container\">\n\t\t\t\t\t\t\t<p>Klubet Studentore n\u00eb kolegji ton\u00eb jan\u00eb ngritur dhe nd\u00ebrtuar mbi baza akademike, q\u00ebllimi i funksionalizimit t\u00eb klubeve q\u00ebndron n\u00eb orientimin orientimin e studentit, p\u00ebrshtatjen e tij me jet\u00ebn studentore. Grupet q\u00eb merren me aktivitetet, ose t\u00eb quajtura \u2018klubet\u2019 synojn\u00eb q\u00eb t\u00eb mund\u00ebsojn\u00eb organizimin dhe zhvillimin e aktiviteteve sociale t\u00eb student\u00ebve tan\u00eb, si dhe t\u00eb zhvillojn\u00eb marr\u00ebdh\u00ebnie nd\u00ebrpersonale dhe t\u00eb aft\u00ebsit\u00eb e lidershipit.Klubet jan\u00eb t\u00eb krijuara nga student\u00ebt dhe t\u00eb mb\u00ebshtetura nga m\u00ebsimdh\u00ebn\u00ebsit dhe t\u00eb mikqyrur nga zyra e karrier\u00ebs.<\/p>\t\t\t\t\t\t<\/div>\n\t\t\t\t<\/div>\n\t\t\t\t\t<\/div>\n\t\t<\/div>\n\t\t\t\t<div class=\"elementor-column elementor-col-50 elementor-top-column elementor-element elementor-element-40a7f047 elementor-hidden-desktop elementor-hidden-tablet elementor-hidden-phone\" data-id=\"40a7f047\" data-element_type=\"column\">\n\t\t\t<div class=\"elementor-widget-wrap\">\n\t\t\t\t\t\t\t\t\t<\/div>\n\t\t<\/div>\n\t\t\t\t\t\t\t<\/div>\n\t\t<\/section>\n\t\t\t\t<section class=\"elementor-section elementor-top-section elementor-element elementor-element-8b84d61 elementor-section-boxed elementor-section-height-default elementor-section-height-default\" data-id=\"8b84d61\" data-element_type=\"section\">\n\t\t\t\t\t\t<div class=\"elementor-container elementor-column-gap-default\">\n\t\t\t\t\t<div class=\"elementor-column elementor-col-100 elementor-top-column elementor-element elementor-element-8040f07\" data-id=\"8040f07\" data-element_type=\"column\">\n\t\t\t<div class=\"elementor-widget-wrap elementor-element-populated\">\n\t\t\t\t\t\t\t\t<div class=\"elementor-element elementor-element-a8507ac elementor-widget elementor-widget-text-editor\" data-id=\"a8507ac\" data-element_type=\"widget\" data-widget_type=\"text-editor.default\">\n\t\t\t\t<div class=\"elementor-widget-container\">\n\t\t\t\t\t\t\t<p><strong>1.KLUBI I ND\u00cbRMARR\u00cbSIS\u00cb<\/strong><\/p><p>Klubi i Nd\u00ebrmarr\u00ebsis\u00eb, ka p\u00ebr q\u00ebllim q\u00eb t\u00eb motivoj dhe t\u00eb ofroj mb\u00ebshtetje p\u00ebr student\u00ebt t\u00eb cil\u00ebt inspirojn\u00eb t\u00eb b\u00ebhen sip\u00ebrmarr\u00ebs.Klubi i Nd\u00ebrmarr\u00ebsis\u00eb zhvillohet n\u00eb nj\u00eb ambient ku an\u00ebtar\u00ebt e tij kan\u00eb mund\u00ebsi t\u00eb nd\u00ebrveprojn\u00eb edhe me sip\u00ebrmarr\u00ebs t\u00eb tjer\u00eb. Student\u00ebt n\u00eb k\u00ebt\u00eb klub angazhohen n\u00eb zhvillimin e nj\u00eb biznesi, duke punuar p\u00ebr nj\u00eb biznes plan dhe faza finale \u00ebsht\u00eb hedhja n\u00eb treg e nj\u00eb startup-i. Pjes\u00ebmarr\u00ebs n\u00eb k\u00ebt\u00eb klub mund t\u00eb jen\u00eb jo vet\u00ebm student\u00ebt e kolegjit Dardania, por gjithashtu mir\u00ebpresim an\u00ebtar\u00ebsim dhe pjes\u00ebmarrje edhe nga gjimnazist\u00eb dhe maturant\u00eb.<\/p><p><strong style=\"letter-spacing: var(--vamtam-primary-font-letter-spacing-desktop,normal); text-transform: var(--vamtam-primary-font-transform,none);\"><img loading=\"lazy\" decoding=\"async\" class=\"alignnone wp-image-995173 size-full\" src=\"https:\/\/kolegjidardania.com\/wp-content\/uploads\/2024\/01\/phoyo1.jpg\" alt=\"\" width=\"1058\" height=\"280\" srcset=\"https:\/\/kolegjidardania.com\/wp-content\/uploads\/2024\/01\/phoyo1.jpg 1058w, https:\/\/kolegjidardania.com\/wp-content\/uploads\/2024\/01\/phoyo1-300x79.jpg 300w, https:\/\/kolegjidardania.com\/wp-content\/uploads\/2024\/01\/phoyo1-1024x271.jpg 1024w, https:\/\/kolegjidardania.com\/wp-content\/uploads\/2024\/01\/phoyo1-768x203.jpg 768w, https:\/\/kolegjidardania.com\/wp-content\/uploads\/2024\/01\/phoyo1-18x5.jpg 18w\" sizes=\"auto, (max-width: 1058px) 100vw, 1058px\" \/><br \/><\/strong><\/p><p><b><span style=\"letter-spacing: var(--vamtam-primary-font-letter-spacing-desktop,normal); text-transform: var(--vamtam-primary-font-transform,none);\">2.\u00a0<\/span><span style=\"letter-spacing: var(--vamtam-primary-font-letter-spacing-desktop,normal); text-transform: var(--vamtam-primary-font-transform,none);\">KLUBI I KARRIER\u00cbS<\/span><\/b><\/p><p>Klubi i Karrier\u00ebs, p\u00ebrb\u00ebhet nga student\u00ebt aktual dhe t\u00eb diplomuarit e kolegjit Dardania, t\u00eb cil\u00ebt jan\u00eb t\u00eb interesuar p\u00ebr tzhvillimin e njohurive t\u00eb tyre n\u00eb lidhje me tregun e pun\u00ebs dhe t\u00eb q\u00ebnit sa m\u00eb i\/e suksesshme n\u00eb t\u00eb. Aktivitetet e klubit  t\u00eb karrier\u00ebs zakonisht jan\u00eb t\u00eb integruar me intervista pune, orientim dhe k\u00ebshillim nga ekspert\u00eb karriere, mb\u00ebshtetje n\u00eb zhvillimin e aft\u00ebsive t\u00eb lidershipit, mb\u00ebshtetje n\u00eb zhvillimin e shkatht\u00ebsive t\u00eb forta dhe t\u00eb buta.<\/p><p><img loading=\"lazy\" decoding=\"async\" class=\"alignnone wp-image-995175 size-full\" src=\"https:\/\/kolegjidardania.com\/wp-content\/uploads\/2024\/01\/photo2.webp\" alt=\"\" width=\"1024\" height=\"540\" srcset=\"https:\/\/kolegjidardania.com\/wp-content\/uploads\/2024\/01\/photo2.webp 1024w, https:\/\/kolegjidardania.com\/wp-content\/uploads\/2024\/01\/photo2-300x158.webp 300w, https:\/\/kolegjidardania.com\/wp-content\/uploads\/2024\/01\/photo2-768x405.webp 768w, https:\/\/kolegjidardania.com\/wp-content\/uploads\/2024\/01\/photo2-18x9.webp 18w\" sizes=\"auto, (max-width: 1024px) 100vw, 1024px\" \/><\/p><p><strong style=\"letter-spacing: var(--vamtam-primary-font-letter-spacing-desktop,normal); text-transform: var(--vamtam-primary-font-transform,none);\">\u00a0<\/strong><\/p><p><span style=\"letter-spacing: var(--vamtam-primary-font-letter-spacing-desktop,normal); text-transform: var(--vamtam-primary-font-transform,none);\">3.\u00a0<\/span><strong style=\"letter-spacing: var(--vamtam-primary-font-letter-spacing-desktop,normal); text-transform: var(--vamtam-primary-font-transform,none);\">KLUBI I TEKNOLOGJIS\u00cb INFORMATIVE DHE DHE KOMUNIKIMIT<\/strong><\/p><p>Klubi ICT synon t\u00eb p\u00ebrmir\u00ebsoj\u00eb aft\u00ebsit\u00eb e an\u00ebtar\u00ebve t\u00eb TIK-ut duke ushqyer aft\u00ebsit\u00eb e tyre krijuese dhe programuese dhe duke mprehur aft\u00ebsit\u00eb e tyre k\u00ebrkimore dhe prezantuese.Vizioni yn\u00eb \u00ebsht\u00eb p\u00ebr t\u00eb qen\u00eb m\u00eb shum\u00eb sesa thjesht v\u00ebzhgues t\u00eb zhvillimit teknologjik. Pra, ne synojme t\u00eb krijojm\u00eb katalizator\u00eb teknologjik\u00eb n\u00eb mjedisin ton\u00eb<\/p><p><img loading=\"lazy\" decoding=\"async\" class=\"alignnone wp-image-995183 size-full\" src=\"https:\/\/kolegjidardania.com\/wp-content\/uploads\/2024\/01\/sp.jpg\" alt=\"\" width=\"1030\" height=\"438\" srcset=\"https:\/\/kolegjidardania.com\/wp-content\/uploads\/2024\/01\/sp.jpg 1030w, https:\/\/kolegjidardania.com\/wp-content\/uploads\/2024\/01\/sp-300x128.jpg 300w, https:\/\/kolegjidardania.com\/wp-content\/uploads\/2024\/01\/sp-1024x435.jpg 1024w, https:\/\/kolegjidardania.com\/wp-content\/uploads\/2024\/01\/sp-768x327.jpg 768w, https:\/\/kolegjidardania.com\/wp-content\/uploads\/2024\/01\/sp-18x8.jpg 18w\" sizes=\"auto, (max-width: 1030px) 100vw, 1030px\" \/><\/p><p><strong style=\"letter-spacing: var(--vamtam-primary-font-letter-spacing-desktop,normal); text-transform: var(--vamtam-primary-font-transform,none);\">\u00a0<\/strong><\/p><p><span style=\"letter-spacing: var(--vamtam-primary-font-letter-spacing-desktop,normal); text-transform: var(--vamtam-primary-font-transform,none);\">4.\u00a0<\/span><strong style=\"letter-spacing: var(--vamtam-primary-font-letter-spacing-desktop,normal); text-transform: var(--vamtam-primary-font-transform,none);\">KLUBI I LIBRIT DHE MEDIAS<\/strong><\/p><p>Fantazia e librit i duhet medias, ndaj ky klub studentor vjen i gershetuar mes imagjinat\u00ebs dhe teknikave p\u00ebr ta vendosur n\u00eb zbatim. Media \u00ebsht\u00eb organizimi ideal p\u00ebr t\u00eb nd\u00ebrtuar dhe forcuar marr\u00ebdh\u00ebniet midis student\u00ebve dhe lojtar\u00ebve kryesor\u00eb t\u00eb tregut t\u00eb mediave, p\u00ebrmes botimeve n\u00eb Revist\u00ebn e Student\u00ebve, realizimit t\u00eb vizitave n\u00eb radiotelevizionet publike dhe private dhe aktiviteteve t\u00eb ndryshme student\u00ebt arrin t\u00eb p\u00ebrgadisin informacione t\u00eb duhura q\u00eb i p\u00ebrshtaten mediave dhe masmediave, nj\u00ebkoh\u00ebsisht student\u00ebt realizojn\u00eb video-in\u00e7izime q\u00eb i sh\u00ebrbejn\u00eb edhe an\u00ebtar\u00ebve t\u00eb tjer\u00eb t\u00eb klubeve dhe mini projekte.<\/p><p><strong style=\"letter-spacing: var(--vamtam-primary-font-letter-spacing-desktop,normal); text-transform: var(--vamtam-primary-font-transform,none);\">\u00a0<\/strong><\/p><p><img loading=\"lazy\" decoding=\"async\" class=\"alignnone wp-image-995179 size-full\" src=\"https:\/\/kolegjidardania.com\/wp-content\/uploads\/2024\/01\/photo3.jpg\" alt=\"\" width=\"1030\" height=\"438\" srcset=\"https:\/\/kolegjidardania.com\/wp-content\/uploads\/2024\/01\/photo3.jpg 1030w, https:\/\/kolegjidardania.com\/wp-content\/uploads\/2024\/01\/photo3-300x128.jpg 300w, https:\/\/kolegjidardania.com\/wp-content\/uploads\/2024\/01\/photo3-1024x435.jpg 1024w, https:\/\/kolegjidardania.com\/wp-content\/uploads\/2024\/01\/photo3-768x327.jpg 768w, https:\/\/kolegjidardania.com\/wp-content\/uploads\/2024\/01\/photo3-18x8.jpg 18w\" sizes=\"auto, (max-width: 1030px) 100vw, 1030px\" \/><\/p><p><span style=\"letter-spacing: var(--vamtam-primary-font-letter-spacing-desktop,normal); text-transform: var(--vamtam-primary-font-transform,none);\">5.\u00a0<\/span><strong style=\"letter-spacing: var(--vamtam-primary-font-letter-spacing-desktop,normal); text-transform: var(--vamtam-primary-font-transform,none);\">KLUBI I VULLNETARIZMIT<\/strong><\/p><p>Ky klub ka p\u00ebr q\u00ebllim kultivimin, zgjerimin dhe m\u00ebsimin e ndjenjave njer\u00ebzore n\u00eb shoq\u00ebrin\u00eb Shqiptare, n\u00ebp\u00ebrmjet pjes\u00ebmarrjes n\u00eb aktivitete dhe organizime t\u00eb ndryshme vullnetare n\u00eb institucione si jetimore, sht\u00ebpi t\u00eb moshuarish, qendra rehabilitimi, shkolla, kopshte, t\u00eb cilat synojn\u00eb sensibilizimin e student\u00ebve dhe p\u00ebrfshirjen e tyre n\u00eb fushata humanitare.<\/p><p><strong style=\"letter-spacing: var(--vamtam-primary-font-letter-spacing-desktop,normal); text-transform: var(--vamtam-primary-font-transform,none);\">\u00a0<\/strong><\/p><p><strong style=\"letter-spacing: var(--vamtam-primary-font-letter-spacing-desktop,normal); text-transform: var(--vamtam-primary-font-transform,none);\"><img loading=\"lazy\" decoding=\"async\" class=\"alignnone wp-image-995182 size-full\" src=\"https:\/\/kolegjidardania.com\/wp-content\/uploads\/2024\/01\/photyo.jpg\" alt=\"\" width=\"1030\" height=\"438\" srcset=\"https:\/\/kolegjidardania.com\/wp-content\/uploads\/2024\/01\/photyo.jpg 1030w, https:\/\/kolegjidardania.com\/wp-content\/uploads\/2024\/01\/photyo-300x128.jpg 300w, https:\/\/kolegjidardania.com\/wp-content\/uploads\/2024\/01\/photyo-1024x435.jpg 1024w, https:\/\/kolegjidardania.com\/wp-content\/uploads\/2024\/01\/photyo-768x327.jpg 768w, https:\/\/kolegjidardania.com\/wp-content\/uploads\/2024\/01\/photyo-18x8.jpg 18w\" sizes=\"auto, (max-width: 1030px) 100vw, 1030px\" \/><\/strong><\/p><p><span style=\"letter-spacing: var(--vamtam-primary-font-letter-spacing-desktop,normal); text-transform: var(--vamtam-primary-font-transform,none);\">6.\u00a0<\/span><strong style=\"letter-spacing: var(--vamtam-primary-font-letter-spacing-desktop,normal); text-transform: var(--vamtam-primary-font-transform,none);\">KLUBI I DEBATIT<\/strong><\/p><p>Ky \u00ebsht\u00eb nj\u00eb klub gjith\u00ebp\u00ebrfshir\u00ebs, pasi q\u00eb secili ka mund\u00ebsin\u00eb t\u00eb shpreh mendimin personal n\u00eb lidhje me tem\u00ebn q\u00eb debatohet, si dhe t\u00eb njoh edhe mendimet e t\u00eb tjer\u00ebve duke i pranuar ose kund\u00ebrshtuar ato. Pjes\u00ebmarrja n\u00eb debat ju mund\u00ebson student\u00ebve q\u00eb t\u00eb zhvillojn\u00eb aft\u00ebsit\u00eb e tyre t\u00eb komunikimit, mendimit kritik, kreativitetit, lidershipit, zhvillimin e vet\u00ebbesimit dhe nd\u00ebrmarrjen e iniciativave t\u00eb reja.<\/p><p><img loading=\"lazy\" decoding=\"async\" class=\"alignnone wp-image-995181 size-full\" src=\"https:\/\/kolegjidardania.com\/wp-content\/uploads\/2024\/01\/photo4.jpg\" alt=\"\" width=\"1030\" height=\"438\" srcset=\"https:\/\/kolegjidardania.com\/wp-content\/uploads\/2024\/01\/photo4.jpg 1030w, https:\/\/kolegjidardania.com\/wp-content\/uploads\/2024\/01\/photo4-300x128.jpg 300w, https:\/\/kolegjidardania.com\/wp-content\/uploads\/2024\/01\/photo4-1024x435.jpg 1024w, https:\/\/kolegjidardania.com\/wp-content\/uploads\/2024\/01\/photo4-768x327.jpg 768w, https:\/\/kolegjidardania.com\/wp-content\/uploads\/2024\/01\/photo4-18x8.jpg 18w\" sizes=\"auto, (max-width: 1030px) 100vw, 1030px\" \/><\/p>\t\t\t\t\t\t<\/div>\n\t\t\t\t<\/div>\n\t\t\t\t\t<\/div>\n\t\t<\/div>\n\t\t\t\t\t\t\t<\/div>\n\t\t<\/section>\n\t\t\t\t\t\t\t<\/div>","protected":false},"excerpt":{"rendered":"<p>The Student Clubs in our college were established and built on an academic basis, the purpose of the functionalization of the clubs lies in the orientation of the student, his adaptation to student life. Activity groups, or called &#8216;clubs&#8217;, aim to enable the organization and development of our students&#8217; social activities, as well as to&#8230;<\/p>","protected":false},"author":1,"featured_media":994903,"parent":0,"menu_order":0,"comment_status":"closed","ping_status":"closed","template":"","meta":{"inline_featured_image":false,"footnotes":""},"class_list":["post-995162","page","type-page","status-publish","has-post-thumbnail","hentry"],"yoast_head":"<!-- This site is optimized with the Yoast SEO plugin v20.0 - https:\/\/yoast.com\/wordpress\/plugins\/seo\/ -->\n<title>Student clubs - Dardania College<\/title>\n<meta name=\"description\" content=\"The Student Clubs in our college were established and built on an academic basis, the purpose of the functionalization of the clubs lies in the orientation of the student, his adaptation to student life.\" \/>\n<meta name=\"robots\" content=\"index, follow, max-snippet:-1, max-image-preview:large, max-video-preview:-1\" \/>\n<link rel=\"canonical\" href=\"https:\/\/kolegjidardania.com\/al\/student-clubs\/\" \/>\n<meta property=\"og:locale\" content=\"sq_AL\" \/>\n<meta property=\"og:type\" content=\"article\" \/>\n<meta property=\"og:title\" content=\"Student clubs - Dardania College\" \/>\n<meta property=\"og:description\" content=\"The Student Clubs in our college were established and built on an academic basis, the purpose of the functionalization of the clubs lies in the orientation of the student, his adaptation to student life.\" \/>\n<meta property=\"og:url\" content=\"https:\/\/kolegjidardania.com\/al\/student-clubs\/\" \/>\n<meta property=\"og:site_name\" content=\"Dardania College\" \/>\n<meta property=\"article:modified_time\" content=\"2024-01-16T21:55:01+00:00\" \/>\n<meta property=\"og:image\" content=\"https:\/\/kolegjidardania.com\/wp-content\/uploads\/2023\/11\/1-scaled.jpg\" \/>\n\t<meta property=\"og:image:width\" content=\"2560\" \/>\n\t<meta property=\"og:image:height\" content=\"1623\" \/>\n\t<meta property=\"og:image:type\" content=\"image\/jpeg\" \/>\n<meta name=\"twitter:card\" content=\"summary_large_image\" \/>\n<meta name=\"twitter:label1\" content=\"Est. reading time\" \/>\n\t<meta name=\"twitter:data1\" content=\"2 minuta\" \/>\n<script type=\"application\/ld+json\" class=\"yoast-schema-graph\">{\"@context\":\"https:\/\/schema.org\",\"@graph\":[{\"@type\":\"WebPage\",\"@id\":\"https:\/\/kolegjidardania.com\/student-clubs\/\",\"url\":\"https:\/\/kolegjidardania.com\/student-clubs\/\",\"name\":\"Student clubs - Dardania College\",\"isPartOf\":{\"@id\":\"http:\/\/kolegjidardania.com\/al\/#website\"},\"datePublished\":\"2024-01-16T20:22:31+00:00\",\"dateModified\":\"2024-01-16T21:55:01+00:00\",\"description\":\"The Student Clubs in our college were established and built on an academic basis, the purpose of the functionalization of the clubs lies in the orientation of the student, his adaptation to student life.\",\"breadcrumb\":{\"@id\":\"https:\/\/kolegjidardania.com\/student-clubs\/#breadcrumb\"},\"inLanguage\":\"sq\",\"potentialAction\":[{\"@type\":\"ReadAction\",\"target\":[\"https:\/\/kolegjidardania.com\/student-clubs\/\"]}]},{\"@type\":\"BreadcrumbList\",\"@id\":\"https:\/\/kolegjidardania.com\/student-clubs\/#breadcrumb\",\"itemListElement\":[{\"@type\":\"ListItem\",\"position\":1,\"name\":\"Home\",\"item\":\"https:\/\/kolegjidardania.com\/\"},{\"@type\":\"ListItem\",\"position\":2,\"name\":\"Student clubs\"}]},{\"@type\":\"WebSite\",\"@id\":\"http:\/\/kolegjidardania.com\/al\/#website\",\"url\":\"http:\/\/kolegjidardania.com\/al\/\",\"name\":\"Dardania College\",\"description\":\"\",\"publisher\":{\"@id\":\"http:\/\/kolegjidardania.com\/al\/#organization\"},\"potentialAction\":[{\"@type\":\"SearchAction\",\"target\":{\"@type\":\"EntryPoint\",\"urlTemplate\":\"http:\/\/kolegjidardania.com\/al\/?s={search_term_string}\"},\"query-input\":\"required name=search_term_string\"}],\"inLanguage\":\"sq\"},{\"@type\":\"Organization\",\"@id\":\"http:\/\/kolegjidardania.com\/al\/#organization\",\"name\":\"Dardania College\",\"url\":\"http:\/\/kolegjidardania.com\/al\/\",\"logo\":{\"@type\":\"ImageObject\",\"inLanguage\":\"sq\",\"@id\":\"http:\/\/kolegjidardania.com\/al\/#\/schema\/logo\/image\/\",\"url\":\"https:\/\/kolegjidardania.com\/wp-content\/uploads\/2021\/05\/kd_logo.svg\",\"contentUrl\":\"https:\/\/kolegjidardania.com\/wp-content\/uploads\/2021\/05\/kd_logo.svg\",\"width\":250,\"height\":85,\"caption\":\"Dardania College\"},\"image\":{\"@id\":\"http:\/\/kolegjidardania.com\/al\/#\/schema\/logo\/image\/\"}}]}<\/script>\n<!-- \/ Yoast SEO plugin. -->","yoast_head_json":{"title":"Student clubs - Dardania College","description":"The Student Clubs in our college were established and built on an academic basis, the purpose of the functionalization of the clubs lies in the orientation of the student, his adaptation to student life.","robots":{"index":"index","follow":"follow","max-snippet":"max-snippet:-1","max-image-preview":"max-image-preview:large","max-video-preview":"max-video-preview:-1"},"canonical":"https:\/\/kolegjidardania.com\/al\/student-clubs\/","og_locale":"sq_AL","og_type":"article","og_title":"Student clubs - Dardania College","og_description":"The Student Clubs in our college were established and built on an academic basis, the purpose of the functionalization of the clubs lies in the orientation of the student, his adaptation to student life.","og_url":"https:\/\/kolegjidardania.com\/al\/student-clubs\/","og_site_name":"Dardania College","article_modified_time":"2024-01-16T21:55:01+00:00","og_image":[{"width":2560,"height":1623,"url":"https:\/\/kolegjidardania.com\/wp-content\/uploads\/2023\/11\/1-scaled.jpg","type":"image\/jpeg"}],"twitter_card":"summary_large_image","twitter_misc":{"Est. reading time":"2 minuta"},"schema":{"@context":"https:\/\/schema.org","@graph":[{"@type":"WebPage","@id":"https:\/\/kolegjidardania.com\/student-clubs\/","url":"https:\/\/kolegjidardania.com\/student-clubs\/","name":"Student clubs - Dardania College","isPartOf":{"@id":"http:\/\/kolegjidardania.com\/al\/#website"},"datePublished":"2024-01-16T20:22:31+00:00","dateModified":"2024-01-16T21:55:01+00:00","description":"The Student Clubs in our college were established and built on an academic basis, the purpose of the functionalization of the clubs lies in the orientation of the student, his adaptation to student life.","breadcrumb":{"@id":"https:\/\/kolegjidardania.com\/student-clubs\/#breadcrumb"},"inLanguage":"sq","potentialAction":[{"@type":"ReadAction","target":["https:\/\/kolegjidardania.com\/student-clubs\/"]}]},{"@type":"BreadcrumbList","@id":"https:\/\/kolegjidardania.com\/student-clubs\/#breadcrumb","itemListElement":[{"@type":"ListItem","position":1,"name":"Home","item":"https:\/\/kolegjidardania.com\/"},{"@type":"ListItem","position":2,"name":"Student clubs"}]},{"@type":"WebSite","@id":"http:\/\/kolegjidardania.com\/al\/#website","url":"http:\/\/kolegjidardania.com\/al\/","name":"Dardania College","description":"","publisher":{"@id":"http:\/\/kolegjidardania.com\/al\/#organization"},"potentialAction":[{"@type":"SearchAction","target":{"@type":"EntryPoint","urlTemplate":"http:\/\/kolegjidardania.com\/al\/?s={search_term_string}"},"query-input":"required name=search_term_string"}],"inLanguage":"sq"},{"@type":"Organization","@id":"http:\/\/kolegjidardania.com\/al\/#organization","name":"Dardania College","url":"http:\/\/kolegjidardania.com\/al\/","logo":{"@type":"ImageObject","inLanguage":"sq","@id":"http:\/\/kolegjidardania.com\/al\/#\/schema\/logo\/image\/","url":"https:\/\/kolegjidardania.com\/wp-content\/uploads\/2021\/05\/kd_logo.svg","contentUrl":"https:\/\/kolegjidardania.com\/wp-content\/uploads\/2021\/05\/kd_logo.svg","width":250,"height":85,"caption":"Dardania College"},"image":{"@id":"http:\/\/kolegjidardania.com\/al\/#\/schema\/logo\/image\/"}}]}},"_links":{"self":[{"href":"https:\/\/kolegjidardania.com\/al\/wp-json\/wp\/v2\/pages\/995162","targetHints":{"allow":["GET"]}}],"collection":[{"href":"https:\/\/kolegjidardania.com\/al\/wp-json\/wp\/v2\/pages"}],"about":[{"href":"https:\/\/kolegjidardania.com\/al\/wp-json\/wp\/v2\/types\/page"}],"author":[{"embeddable":true,"href":"https:\/\/kolegjidardania.com\/al\/wp-json\/wp\/v2\/users\/1"}],"replies":[{"embeddable":true,"href":"https:\/\/kolegjidardania.com\/al\/wp-json\/wp\/v2\/comments?post=995162"}],"version-history":[{"count":14,"href":"https:\/\/kolegjidardania.com\/al\/wp-json\/wp\/v2\/pages\/995162\/revisions"}],"predecessor-version":[{"id":995187,"href":"https:\/\/kolegjidardania.com\/al\/wp-json\/wp\/v2\/pages\/995162\/revisions\/995187"}],"wp:featuredmedia":[{"embeddable":true,"href":"https:\/\/kolegjidardania.com\/al\/wp-json\/wp\/v2\/media\/994903"}],"wp:attachment":[{"href":"https:\/\/kolegjidardania.com\/al\/wp-json\/wp\/v2\/media?parent=995162"}],"curies":[{"name":"wp","href":"https:\/\/api.w.org\/{rel}","templated":true}]}}