{"id":988747,"date":"2021-05-27T05:38:22","date_gmt":"2021-05-27T05:38:22","guid":{"rendered":"https:\/\/kolegjidardania.com\/?page_id=988747"},"modified":"2021-07-23T15:57:22","modified_gmt":"2021-07-23T15:57:22","slug":"contact-us-research","status":"publish","type":"page","link":"https:\/\/kolegjidardania.com\/al\/hulumtimi-dhe-bashkepunimet\/na-kontaktoni\/","title":{"rendered":"Kontakt"},"content":{"rendered":"<div data-elementor-type=\"wp-page\" data-elementor-id=\"988747\" class=\"elementor elementor-988747\">\n\t\t\t\t\t\t\t\t\t<section class=\"elementor-section elementor-top-section elementor-element elementor-element-5614fa5 elementor-section-height-min-height elementor-section-boxed elementor-section-height-default elementor-section-items-middle\" data-id=\"5614fa5\" data-element_type=\"section\" data-settings=\"{&quot;background_background&quot;:&quot;classic&quot;}\">\n\t\t\t\t\t\t<div class=\"elementor-container elementor-column-gap-default\">\n\t\t\t\t\t<div class=\"elementor-column elementor-col-100 elementor-top-column elementor-element elementor-element-b20cb6a\" data-id=\"b20cb6a\" data-element_type=\"column\" data-settings=\"{&quot;background_background&quot;:&quot;classic&quot;}\">\n\t\t\t<div class=\"elementor-widget-wrap\">\n\t\t\t\t\t\t\t\t\t<\/div>\n\t\t<\/div>\n\t\t\t\t\t\t\t<\/div>\n\t\t<\/section>\n\t\t\t\t<section class=\"elementor-section elementor-top-section elementor-element elementor-element-7266473 elementor-section-boxed elementor-section-height-default elementor-section-height-default\" data-id=\"7266473\" data-element_type=\"section\">\n\t\t\t\t\t\t<div class=\"elementor-container elementor-column-gap-no\">\n\t\t\t\t\t<div class=\"elementor-column elementor-col-100 elementor-top-column elementor-element elementor-element-2d65bc0\" data-id=\"2d65bc0\" data-element_type=\"column\">\n\t\t\t<div class=\"elementor-widget-wrap elementor-element-populated\">\n\t\t\t\t\t\t\t\t<div class=\"elementor-element elementor-element-04e124b elementor-widget__width-auto animated-fast elementor-invisible elementor-widget elementor-widget-heading\" data-id=\"04e124b\" data-element_type=\"widget\" data-settings=\"{&quot;_animation&quot;:&quot;fadeIn&quot;,&quot;_animation_tablet&quot;:&quot;none&quot;,&quot;_animation_mobile&quot;:&quot;none&quot;,&quot;_animation_delay&quot;:100}\" data-widget_type=\"heading.default\">\n\t\t\t\t<div class=\"elementor-widget-container\">\n\t\t\t<h1 class=\"elementor-heading-title elementor-size-default\">HULUMTIMI DHE BASHK\u00cbPUNIMI<\/h1>\t\t<\/div>\n\t\t\t\t<\/div>\n\t\t\t\t<div class=\"elementor-element elementor-element-1b80e9e elementor-widget-divider--view-line elementor-widget elementor-widget-divider\" data-id=\"1b80e9e\" data-element_type=\"widget\" data-widget_type=\"divider.default\">\n\t\t\t\t<div class=\"elementor-widget-container\">\n\t\t\t\t\t<div class=\"elementor-divider\">\n\t\t\t<span class=\"elementor-divider-separator\">\n\t\t\t\t\t\t<\/span>\n\t\t<\/div>\n\t\t\t\t<\/div>\n\t\t\t\t<\/div>\n\t\t\t\t\t<\/div>\n\t\t<\/div>\n\t\t\t\t\t\t\t<\/div>\n\t\t<\/section>\n\t\t\t\t<section class=\"elementor-section elementor-top-section elementor-element elementor-element-670e15b elementor-section-boxed elementor-section-height-default elementor-section-height-default\" data-id=\"670e15b\" data-element_type=\"section\">\n\t\t\t\t\t\t<div class=\"elementor-container elementor-column-gap-custom\">\n\t\t\t\t\t<div class=\"elementor-column elementor-col-50 elementor-top-column elementor-element elementor-element-5c7bb8a7\" data-id=\"5c7bb8a7\" data-element_type=\"column\" data-settings=\"{&quot;background_background&quot;:&quot;classic&quot;}\">\n\t\t\t<div class=\"elementor-widget-wrap elementor-element-populated\">\n\t\t\t\t\t\t\t\t<div class=\"elementor-element elementor-element-fab6f4c elementor-invisible elementor-widget elementor-widget-heading\" data-id=\"fab6f4c\" data-element_type=\"widget\" data-settings=\"{&quot;_animation&quot;:&quot;fadeIn&quot;,&quot;_animation_tablet&quot;:&quot;none&quot;,&quot;_animation_mobile&quot;:&quot;none&quot;}\" data-widget_type=\"heading.default\">\n\t\t\t\t<div class=\"elementor-widget-container\">\n\t\t\t<h2 class=\"elementor-heading-title elementor-size-default\">Orari i Pun\u00ebs n\u00eb<br>\nKolegjin Dardania<\/h2>\t\t<\/div>\n\t\t\t\t<\/div>\n\t\t\t\t<div class=\"elementor-element elementor-element-1f02e95f elementor-invisible elementor-widget elementor-widget-heading\" data-id=\"1f02e95f\" data-element_type=\"widget\" data-settings=\"{&quot;_animation&quot;:&quot;fadeInUp&quot;,&quot;_animation_tablet&quot;:&quot;none&quot;,&quot;_animation_mobile&quot;:&quot;none&quot;,&quot;_animation_delay&quot;:200}\" data-widget_type=\"heading.default\">\n\t\t\t\t<div class=\"elementor-widget-container\">\n\t\t\t<h6 class=\"elementor-heading-title elementor-size-default\">Vizitat n\u00eb hap\u00ebsirat e studimit t\u00eb Kolegjit Dardania mund t\u00eb realizohen edhe p\u00ebrmes rezervimeve n\u00eb dit\u00ebt:<\/h6>\t\t<\/div>\n\t\t\t\t<\/div>\n\t\t\t\t<div class=\"elementor-element elementor-element-739dd8fa elementor-invisible elementor-widget elementor-widget-text-editor\" data-id=\"739dd8fa\" data-element_type=\"widget\" data-settings=\"{&quot;_animation&quot;:&quot;fadeInUp&quot;,&quot;_animation_tablet&quot;:&quot;none&quot;,&quot;_animation_mobile&quot;:&quot;none&quot;,&quot;_animation_delay&quot;:200}\" data-widget_type=\"text-editor.default\">\n\t\t\t\t<div class=\"elementor-widget-container\">\n\t\t\t\t\t\t\t<p><strong>nga e H\u00ebna deri t\u00eb Shtun\u00ebn, ora 09:00 deri 21:00<\/strong><\/p><p><strong>T\u00eb Dielave nuk punohet<\/strong><\/p>\t\t\t\t\t\t<\/div>\n\t\t\t\t<\/div>\n\t\t\t\t\t<\/div>\n\t\t<\/div>\n\t\t\t\t<div class=\"elementor-column elementor-col-50 elementor-top-column elementor-element elementor-element-9668e89 elementor-invisible\" data-id=\"9668e89\" data-element_type=\"column\" data-settings=\"{&quot;animation&quot;:&quot;fadeIn&quot;,&quot;animation_tablet&quot;:&quot;none&quot;,&quot;animation_mobile&quot;:&quot;none&quot;,&quot;animation_delay&quot;:200,&quot;background_background&quot;:&quot;classic&quot;}\">\n\t\t\t<div class=\"elementor-widget-wrap elementor-element-populated\">\n\t\t\t\t\t\t\t\t<div class=\"elementor-element elementor-element-2f3d09b elementor-button-align-start elementor-widget elementor-widget-form\" data-id=\"2f3d09b\" data-element_type=\"widget\" data-settings=\"{&quot;step_next_label&quot;:&quot;Next&quot;,&quot;step_previous_label&quot;:&quot;Previous&quot;,&quot;button_width&quot;:&quot;100&quot;,&quot;step_type&quot;:&quot;number_text&quot;,&quot;step_icon_shape&quot;:&quot;circle&quot;}\" data-widget_type=\"form.default\">\n\t\t\t\t<div class=\"elementor-widget-container\">\n\t\t\t\t\t<form class=\"elementor-form\" method=\"post\" name=\"New Form\" action=\"\">\n\t\t\t<input type=\"hidden\" name=\"post_id\" value=\"988747\"\/>\n\t\t\t<input type=\"hidden\" name=\"form_id\" value=\"2f3d09b\"\/>\n\t\t\t<input type=\"hidden\" name=\"referer_title\" value=\"Dardania College\" \/>\n\n\t\t\t\n\t\t\t<div class=\"elementor-form-fields-wrapper elementor-labels-above\">\n\t\t\t\t\t\t\t\t<div class=\"elementor-field-type-html elementor-field-group elementor-column elementor-field-group-field_f58f1b3 elementor-col-100\">\n\t\t\t\t\t<h4>Formular p\u00ebr Kontakt<\/h4>\t\t\t\t<\/div>\n\t\t\t\t\t\t\t\t<div class=\"elementor-field-type-text elementor-field-group elementor-column elementor-field-group-field_3235065 elementor-col-50 elementor-field-required elementor-mark-required\">\n\t\t\t\t\t\t\t\t\t\t\t\t<label for=\"form-field-field_3235065\" class=\"elementor-field-label\">\n\t\t\t\t\t\t\t\tEmri\t\t\t\t\t\t\t<\/label>\n\t\t\t\t\t\t\t\t\t\t\t\t\t\t<input size=\"1\" type=\"text\" name=\"form_fields[field_3235065]\" id=\"form-field-field_3235065\" class=\"elementor-field elementor-size-lg  elementor-field-textual\" placeholder=\"Sh\u00ebnoni emrin tuaj k\u00ebtu\" required=\"required\" aria-required=\"true\">\n\t\t\t\t\t\t\t\t\t\t\t<\/div>\n\t\t\t\t\t\t\t\t<div class=\"elementor-field-type-text elementor-field-group elementor-column elementor-field-group-field_a845e26 elementor-col-50 elementor-field-required elementor-mark-required\">\n\t\t\t\t\t\t\t\t\t\t\t\t<label for=\"form-field-field_a845e26\" class=\"elementor-field-label\">\n\t\t\t\t\t\t\t\tMbiemri\t\t\t\t\t\t\t<\/label>\n\t\t\t\t\t\t\t\t\t\t\t\t\t\t<input size=\"1\" type=\"text\" name=\"form_fields[field_a845e26]\" id=\"form-field-field_a845e26\" class=\"elementor-field elementor-size-lg  elementor-field-textual\" placeholder=\"Sh\u00ebnoni mbiemrin tuaj k\u00ebtu\" required=\"required\" aria-required=\"true\">\n\t\t\t\t\t\t\t\t\t\t\t<\/div>\n\t\t\t\t\t\t\t\t<div class=\"elementor-field-type-text elementor-field-group elementor-column elementor-field-group-field_c97c2de elementor-col-50 elementor-field-required elementor-mark-required\">\n\t\t\t\t\t\t\t\t\t\t\t\t<label for=\"form-field-field_c97c2de\" class=\"elementor-field-label\">\n\t\t\t\t\t\t\t\tE-mail adresa\t\t\t\t\t\t\t<\/label>\n\t\t\t\t\t\t\t\t\t\t\t\t\t\t<input size=\"1\" type=\"text\" name=\"form_fields[field_c97c2de]\" id=\"form-field-field_c97c2de\" class=\"elementor-field elementor-size-lg  elementor-field-textual\" placeholder=\"Sh\u00ebnoni e-mail adresen tuaj k\u00ebtu\" required=\"required\" aria-required=\"true\">\n\t\t\t\t\t\t\t\t\t\t\t<\/div>\n\t\t\t\t\t\t\t\t<div class=\"elementor-field-type-text elementor-field-group elementor-column elementor-field-group-field_4de08a0 elementor-col-50 elementor-field-required elementor-mark-required\">\n\t\t\t\t\t\t\t\t\t\t\t\t<label for=\"form-field-field_4de08a0\" class=\"elementor-field-label\">\n\t\t\t\t\t\t\t\tNumri i Telefonit\t\t\t\t\t\t\t<\/label>\n\t\t\t\t\t\t\t\t\t\t\t\t\t\t<input size=\"1\" type=\"text\" name=\"form_fields[field_4de08a0]\" id=\"form-field-field_4de08a0\" class=\"elementor-field elementor-size-lg  elementor-field-textual\" placeholder=\"Shkruani numrin e telefonit tuaj\" required=\"required\" aria-required=\"true\">\n\t\t\t\t\t\t\t\t\t\t\t<\/div>\n\t\t\t\t\t\t\t\t<div class=\"elementor-field-type-select elementor-field-group elementor-column elementor-field-group-field_2efe07d elementor-col-100 elementor-field-required elementor-mark-required\">\n\t\t\t\t\t\t\t\t\t\t\t\t<label for=\"form-field-field_2efe07d\" class=\"elementor-field-label\">\n\t\t\t\t\t\t\t\tQ\u00ebllimi\t\t\t\t\t\t\t<\/label>\n\t\t\t\t\t\t\t\t<div class=\"elementor-field elementor-select-wrapper remove-before\">\n\t\t\t<div class=\"select-caret-down-wrapper\">\n\t\t\t\t<i aria-hidden=\"true\" class=\"eicon-caret-down\"><\/i>\t\t\t<\/div>\n\t\t\t<select name=\"form_fields[field_2efe07d]\" id=\"form-field-field_2efe07d\" class=\"elementor-field-textual elementor-size-lg\" required=\"required\" aria-required=\"true\">\n\t\t\t\t\t\t\t\t\t<option value=\"Please Select Type Form\">Please Select Type Form<\/option>\n\t\t\t\t\t\t\t\t\t<option value=\"Conferences\">Konferencat<\/option>\n\t\t\t\t\t\t\t\t\t<option value=\"Cooperation Memorandums\">Memorandumet e Bashk\u00ebpunimit<\/option>\n\t\t\t\t\t\t\t\t\t<option value=\"International Collaboration\">Bashk\u00ebpunimi Nd\u00ebrkomb\u00ebtar<\/option>\n\t\t\t\t\t\t\t\t\t<option value=\"Projects\">Projektet<\/option>\n\t\t\t\t\t\t\t\t\t<option value=\"Recruit our Students\">Recruit our Students<\/option>\n\t\t\t\t\t\t\t<\/select>\n\t\t<\/div>\n\t\t\t\t\t\t<\/div>\n\t\t\t\t\t\t\t\t<div class=\"elementor-field-type-textarea elementor-field-group elementor-column elementor-field-group-field_d05048e elementor-col-100 elementor-field-required elementor-mark-required\">\n\t\t\t\t\t\t\t\t\t\t\t\t<label for=\"form-field-field_d05048e\" class=\"elementor-field-label\">\n\t\t\t\t\t\t\t\tSubjekti\t\t\t\t\t\t\t<\/label>\n\t\t\t\t\t\t<textarea class=\"elementor-field-textual elementor-field  elementor-size-lg\" name=\"form_fields[field_d05048e]\" id=\"form-field-field_d05048e\" rows=\"4\" placeholder=\"Shkruani subjektin tuaj k\u00ebtu\" required=\"required\" aria-required=\"true\"><\/textarea>\t\t\t\t<\/div>\n\t\t\t\t\t\t\t\t<div class=\"elementor-field-type-acceptance elementor-field-group elementor-column elementor-field-group-field_8e17be3 elementor-col-100\">\n\t\t\t\t\t\t\t<div class=\"elementor-field-subgroup\">\n\t\t\t<span class=\"elementor-field-option\">\n\t\t\t\t<input type=\"checkbox\" name=\"form_fields[field_8e17be3]\" id=\"form-field-field_8e17be3\" class=\"elementor-field elementor-size-lg  elementor-acceptance-field\" checked=\"checked\">\n\t\t\t\t<label for=\"form-field-field_8e17be3\">Un\u00eb autorizoj Kolegjin Dardania t\u00eb m\u00eb kontaktoj\u00eb p\u00ebrmes e-mail apo telefonit n\u00eb lidhje me programet e studimit, sh\u00ebrbimet, dhe informacione tjera. E kuptoj q\u00eb mund t\u00eb t\u00ebrheq p\u00eblqimin tim p\u00ebr t\u00eb marr\u00eb komunikime t\u00eb ardhshme t\u00eb marketingut n\u00eb \u00e7do koh\u00eb.<\/label>\t\t\t<\/span>\n\t\t<\/div>\n\t\t\t\t\t\t<\/div>\n\t\t\t\t\t\t\t\t<div class=\"elementor-field-group elementor-column elementor-field-type-submit elementor-col-100 e-form__buttons\">\n\t\t\t\t\t<button type=\"submit\" class=\"elementor-button elementor-size-sm\">\n\t\t\t\t\t\t<span >\n\t\t\t\t\t\t\t\t\t\t\t\t\t\t\t<span class=\"elementor-align-icon-right elementor-button-icon\">\n\t\t\t\t\t\t\t\t\t<i aria-hidden=\"true\" class=\"vamtamtheme- vamtam-theme-arrow-right\"><\/i>\t\t\t\t\t\t\t\t\t\t\t\t\t\t\t\t\t<\/span>\n\t\t\t\t\t\t\t\t\t\t\t\t\t\t\t\t\t\t\t\t\t\t<span class=\"elementor-button-text\">Paraqit K\u00ebrkes\u00ebn<\/span>\n\t\t\t\t\t\t\t\t\t\t\t\t\t<\/span>\n\t\t\t\t\t<\/button>\n\t\t\t\t<\/div>\n\t\t\t<\/div>\n\t\t<input type=\"hidden\" name=\"trp-form-language\" value=\"al\"\/><\/form>\n\t\t\t\t<\/div>\n\t\t\t\t<\/div>\n\t\t\t\t\t<\/div>\n\t\t<\/div>\n\t\t\t\t\t\t\t<\/div>\n\t\t<\/section>\n\t\t\t\t<section class=\"elementor-section elementor-top-section elementor-element elementor-element-5652dae1 elementor-section-boxed elementor-section-height-default elementor-section-height-default\" data-id=\"5652dae1\" data-element_type=\"section\" data-settings=\"{&quot;background_background&quot;:&quot;classic&quot;}\">\n\t\t\t\t\t\t<div class=\"elementor-container elementor-column-gap-default\">\n\t\t\t\t\t\t\t\t<\/div>\n\t\t<\/section>\n\t\t\t\t<section class=\"elementor-section elementor-top-section elementor-element elementor-element-16d037e7 elementor-section-boxed elementor-section-height-default elementor-section-height-default\" data-id=\"16d037e7\" data-element_type=\"section\">\n\t\t\t\t\t\t<div class=\"elementor-container elementor-column-gap-default\">\n\t\t\t\t\t<div class=\"elementor-column elementor-col-50 elementor-top-column elementor-element elementor-element-966f253\" data-id=\"966f253\" data-element_type=\"column\" data-settings=\"{&quot;background_background&quot;:&quot;classic&quot;}\">\n\t\t\t<div class=\"elementor-widget-wrap elementor-element-populated\">\n\t\t\t\t\t\t\t\t<div class=\"elementor-element elementor-element-6cd804a2 elementor-invisible elementor-widget elementor-widget-heading\" data-id=\"6cd804a2\" data-element_type=\"widget\" data-settings=\"{&quot;_animation&quot;:&quot;fadeIn&quot;,&quot;_animation_tablet&quot;:&quot;none&quot;,&quot;_animation_mobile&quot;:&quot;none&quot;,&quot;_animation_delay&quot;:100}\" data-widget_type=\"heading.default\">\n\t\t\t\t<div class=\"elementor-widget-container\">\n\t\t\t<h2 class=\"elementor-heading-title elementor-size-default\">Harta &amp;<br>\nUdh\u00ebzime<\/h2>\t\t<\/div>\n\t\t\t\t<\/div>\n\t\t\t\t<div class=\"elementor-element elementor-element-520c929e elementor-invisible elementor-widget elementor-widget-text-editor\" data-id=\"520c929e\" data-element_type=\"widget\" data-settings=\"{&quot;_animation&quot;:&quot;fadeInUp&quot;,&quot;_animation_tablet&quot;:&quot;none&quot;,&quot;_animation_delay&quot;:200}\" data-widget_type=\"text-editor.default\">\n\t\t\t\t<div class=\"elementor-widget-container\">\n\t\t\t\t\t\t\t<p>Rr. Ibrahim Lutfiu nr.93,<br \/>10000, Prishtin\u00eb, <br \/>Kosov\u00eb.<\/p>\t\t\t\t\t\t<\/div>\n\t\t\t\t<\/div>\n\t\t\t\t<div class=\"elementor-element elementor-element-1c20d7af elementor-invisible elementor-widget elementor-widget-text-editor\" data-id=\"1c20d7af\" data-element_type=\"widget\" data-settings=\"{&quot;_animation&quot;:&quot;fadeInUp&quot;,&quot;_animation_tablet&quot;:&quot;none&quot;,&quot;_animation_delay&quot;:200}\" data-widget_type=\"text-editor.default\">\n\t\t\t\t<div class=\"elementor-widget-container\">\n\t\t\t\t\t\t\t<p><strong>P\u00ebr informacione:\u00a0<br \/><\/strong>info@kolegjidardania.com<\/p><p><strong>Administrata:\u00a0<br \/><\/strong>administrata@kolegjidardania.com<\/p>\t\t\t\t\t\t<\/div>\n\t\t\t\t<\/div>\n\t\t\t\t<div class=\"elementor-element elementor-element-5cab6099 elementor-invisible elementor-widget elementor-widget-text-editor\" data-id=\"5cab6099\" data-element_type=\"widget\" data-settings=\"{&quot;_animation&quot;:&quot;fadeInUp&quot;,&quot;_animation_tablet&quot;:&quot;none&quot;,&quot;_animation_delay&quot;:200}\" data-widget_type=\"text-editor.default\">\n\t\t\t\t<div class=\"elementor-widget-container\">\n\t\t\t\t\t\t\t<p><strong>Numrat e Telefonit:<\/strong><br \/>+383 44 249 100; +383 44 636 359<\/p>\t\t\t\t\t\t<\/div>\n\t\t\t\t<\/div>\n\t\t\t\t\t<\/div>\n\t\t<\/div>\n\t\t\t\t<div class=\"elementor-column elementor-col-50 elementor-top-column elementor-element elementor-element-726dd888\" data-id=\"726dd888\" data-element_type=\"column\" data-settings=\"{&quot;background_background&quot;:&quot;classic&quot;}\">\n\t\t\t<div class=\"elementor-widget-wrap elementor-element-populated\">\n\t\t\t\t\t\t\t\t<div class=\"elementor-element elementor-element-509ce984 elementor-widget elementor-widget-google_maps\" data-id=\"509ce984\" data-element_type=\"widget\" data-settings=\"{&quot;_animation&quot;:&quot;none&quot;,&quot;_animation_tablet&quot;:&quot;none&quot;}\" data-widget_type=\"google_maps.default\">\n\t\t\t\t<div class=\"elementor-widget-container\">\n\t\t\t\t\t<div class=\"elementor-custom-embed\">\n\t\t\t<iframe loading=\"lazy\"\n\t\t\t\t\tsrc=\"https:\/\/www.google.com\/maps\/embed\/v1\/place?key=AIzaSyCifB6xBBxUbNd1Q7nazcT3zyK_WSOHesM&#038;q=Kolegji%20Dardania&#038;zoom=11\"\n\t\t\t\t\ttitle=\"Kolegji Dardania\"\n\t\t\t\t\taria-label=\"Kolegji Dardania\"\n\t\t\t><\/iframe>\n\t\t<\/div>\n\t\t\t\t<\/div>\n\t\t\t\t<\/div>\n\t\t\t\t\t<\/div>\n\t\t<\/div>\n\t\t\t\t\t\t\t<\/div>\n\t\t<\/section>\n\t\t\t\t\t\t\t<\/div>","protected":false},"excerpt":{"rendered":"<p>RESEARCH AND COLLABORATION College Building Hours Visits to our academic buildings is by reservation only. Our two buildings below will be open on: Mondays to Saturdays, 9:00 to 21:00 Sundays: College is Closed Map &amp; Directions Str. Ibrahim Lutfiu nr.93,10000, Prishtin\u00eb, Kosov\u00eb. Information:\u00a0info@kolegjidardania.com Administration:\u00a0administrata@kolegjidardania.com Phone Numbers:+383 44 249 100; +383 44 636 359<\/p>","protected":false},"author":1,"featured_media":0,"parent":6285,"menu_order":0,"comment_status":"closed","ping_status":"closed","template":"","meta":{"inline_featured_image":false,"footnotes":""},"class_list":["post-988747","page","type-page","status-publish","hentry"],"yoast_head":"<!-- This site is optimized with the Yoast SEO plugin v20.0 - https:\/\/yoast.com\/wordpress\/plugins\/seo\/ -->\n<title>Contact us - Dardania College<\/title>\n<meta name=\"robots\" content=\"index, follow, max-snippet:-1, max-image-preview:large, max-video-preview:-1\" \/>\n<link rel=\"canonical\" href=\"https:\/\/kolegjidardania.com\/al\/hulumtimi-dhe-bashkepunimet\/na-kontaktoni\/\" \/>\n<meta property=\"og:locale\" content=\"sq_AL\" \/>\n<meta property=\"og:type\" content=\"article\" \/>\n<meta property=\"og:title\" content=\"Contact us - Dardania College\" \/>\n<meta property=\"og:description\" content=\"RESEARCH AND COLLABORATION College Building Hours Visits to our academic buildings is by reservation only. Our two buildings below will be open on: Mondays to Saturdays, 9:00 to 21:00 Sundays: College is Closed Map &amp; Directions Str. Ibrahim Lutfiu nr.93,10000, Prishtin\u00eb, Kosov\u00eb. Information:\u00a0info@kolegjidardania.com Administration:\u00a0administrata@kolegjidardania.com Phone Numbers:+383 44 249 100; +383 44 636 359\" \/>\n<meta property=\"og:url\" content=\"https:\/\/kolegjidardania.com\/al\/hulumtimi-dhe-bashkepunimet\/na-kontaktoni\/\" \/>\n<meta property=\"og:site_name\" content=\"Dardania College\" \/>\n<meta property=\"article:modified_time\" content=\"2021-07-23T15:57:22+00:00\" \/>\n<meta name=\"twitter:card\" content=\"summary_large_image\" \/>\n<meta name=\"twitter:label1\" content=\"Est. reading time\" \/>\n\t<meta name=\"twitter:data1\" content=\"1 minut\u00eb\" \/>\n<script type=\"application\/ld+json\" class=\"yoast-schema-graph\">{\"@context\":\"https:\/\/schema.org\",\"@graph\":[{\"@type\":\"WebPage\",\"@id\":\"https:\/\/kolegjidardania.com\/hulumtimi-dhe-bashkepunimet\/na-kontaktoni\/\",\"url\":\"https:\/\/kolegjidardania.com\/hulumtimi-dhe-bashkepunimet\/na-kontaktoni\/\",\"name\":\"Contact us - Dardania College\",\"isPartOf\":{\"@id\":\"http:\/\/kolegjidardania.com\/al\/#website\"},\"datePublished\":\"2021-05-27T05:38:22+00:00\",\"dateModified\":\"2021-07-23T15:57:22+00:00\",\"breadcrumb\":{\"@id\":\"https:\/\/kolegjidardania.com\/hulumtimi-dhe-bashkepunimet\/na-kontaktoni\/#breadcrumb\"},\"inLanguage\":\"sq\",\"potentialAction\":[{\"@type\":\"ReadAction\",\"target\":[\"https:\/\/kolegjidardania.com\/hulumtimi-dhe-bashkepunimet\/na-kontaktoni\/\"]}]},{\"@type\":\"BreadcrumbList\",\"@id\":\"https:\/\/kolegjidardania.com\/hulumtimi-dhe-bashkepunimet\/na-kontaktoni\/#breadcrumb\",\"itemListElement\":[{\"@type\":\"ListItem\",\"position\":1,\"name\":\"Home\",\"item\":\"https:\/\/kolegjidardania.com\/\"},{\"@type\":\"ListItem\",\"position\":2,\"name\":\"Research and Collaboration\",\"item\":\"https:\/\/kolegjidardania.com\/hulumtimi-dhe-bashkepunimet\/\"},{\"@type\":\"ListItem\",\"position\":3,\"name\":\"Contact us\"}]},{\"@type\":\"WebSite\",\"@id\":\"http:\/\/kolegjidardania.com\/al\/#website\",\"url\":\"http:\/\/kolegjidardania.com\/al\/\",\"name\":\"Dardania College\",\"description\":\"\",\"publisher\":{\"@id\":\"http:\/\/kolegjidardania.com\/al\/#organization\"},\"potentialAction\":[{\"@type\":\"SearchAction\",\"target\":{\"@type\":\"EntryPoint\",\"urlTemplate\":\"http:\/\/kolegjidardania.com\/al\/?s={search_term_string}\"},\"query-input\":\"required name=search_term_string\"}],\"inLanguage\":\"sq\"},{\"@type\":\"Organization\",\"@id\":\"http:\/\/kolegjidardania.com\/al\/#organization\",\"name\":\"Dardania College\",\"url\":\"http:\/\/kolegjidardania.com\/al\/\",\"logo\":{\"@type\":\"ImageObject\",\"inLanguage\":\"sq\",\"@id\":\"http:\/\/kolegjidardania.com\/al\/#\/schema\/logo\/image\/\",\"url\":\"https:\/\/kolegjidardania.com\/wp-content\/uploads\/2021\/05\/kd_logo.svg\",\"contentUrl\":\"https:\/\/kolegjidardania.com\/wp-content\/uploads\/2021\/05\/kd_logo.svg\",\"width\":250,\"height\":85,\"caption\":\"Dardania College\"},\"image\":{\"@id\":\"http:\/\/kolegjidardania.com\/al\/#\/schema\/logo\/image\/\"}}]}<\/script>\n<!-- \/ Yoast SEO plugin. -->","yoast_head_json":{"title":"Contact us - Dardania College","robots":{"index":"index","follow":"follow","max-snippet":"max-snippet:-1","max-image-preview":"max-image-preview:large","max-video-preview":"max-video-preview:-1"},"canonical":"https:\/\/kolegjidardania.com\/al\/hulumtimi-dhe-bashkepunimet\/na-kontaktoni\/","og_locale":"sq_AL","og_type":"article","og_title":"Contact us - Dardania College","og_description":"RESEARCH AND COLLABORATION College Building Hours Visits to our academic buildings is by reservation only. Our two buildings below will be open on: Mondays to Saturdays, 9:00 to 21:00 Sundays: College is Closed Map &amp; Directions Str. Ibrahim Lutfiu nr.93,10000, Prishtin\u00eb, Kosov\u00eb. Information:\u00a0info@kolegjidardania.com Administration:\u00a0administrata@kolegjidardania.com Phone Numbers:+383 44 249 100; +383 44 636 359","og_url":"https:\/\/kolegjidardania.com\/al\/hulumtimi-dhe-bashkepunimet\/na-kontaktoni\/","og_site_name":"Dardania College","article_modified_time":"2021-07-23T15:57:22+00:00","twitter_card":"summary_large_image","twitter_misc":{"Est. reading time":"1 minut\u00eb"},"schema":{"@context":"https:\/\/schema.org","@graph":[{"@type":"WebPage","@id":"https:\/\/kolegjidardania.com\/hulumtimi-dhe-bashkepunimet\/na-kontaktoni\/","url":"https:\/\/kolegjidardania.com\/hulumtimi-dhe-bashkepunimet\/na-kontaktoni\/","name":"Contact us - Dardania College","isPartOf":{"@id":"http:\/\/kolegjidardania.com\/al\/#website"},"datePublished":"2021-05-27T05:38:22+00:00","dateModified":"2021-07-23T15:57:22+00:00","breadcrumb":{"@id":"https:\/\/kolegjidardania.com\/hulumtimi-dhe-bashkepunimet\/na-kontaktoni\/#breadcrumb"},"inLanguage":"sq","potentialAction":[{"@type":"ReadAction","target":["https:\/\/kolegjidardania.com\/hulumtimi-dhe-bashkepunimet\/na-kontaktoni\/"]}]},{"@type":"BreadcrumbList","@id":"https:\/\/kolegjidardania.com\/hulumtimi-dhe-bashkepunimet\/na-kontaktoni\/#breadcrumb","itemListElement":[{"@type":"ListItem","position":1,"name":"Home","item":"https:\/\/kolegjidardania.com\/"},{"@type":"ListItem","position":2,"name":"Research and Collaboration","item":"https:\/\/kolegjidardania.com\/hulumtimi-dhe-bashkepunimet\/"},{"@type":"ListItem","position":3,"name":"Contact us"}]},{"@type":"WebSite","@id":"http:\/\/kolegjidardania.com\/al\/#website","url":"http:\/\/kolegjidardania.com\/al\/","name":"Dardania College","description":"","publisher":{"@id":"http:\/\/kolegjidardania.com\/al\/#organization"},"potentialAction":[{"@type":"SearchAction","target":{"@type":"EntryPoint","urlTemplate":"http:\/\/kolegjidardania.com\/al\/?s={search_term_string}"},"query-input":"required name=search_term_string"}],"inLanguage":"sq"},{"@type":"Organization","@id":"http:\/\/kolegjidardania.com\/al\/#organization","name":"Dardania College","url":"http:\/\/kolegjidardania.com\/al\/","logo":{"@type":"ImageObject","inLanguage":"sq","@id":"http:\/\/kolegjidardania.com\/al\/#\/schema\/logo\/image\/","url":"https:\/\/kolegjidardania.com\/wp-content\/uploads\/2021\/05\/kd_logo.svg","contentUrl":"https:\/\/kolegjidardania.com\/wp-content\/uploads\/2021\/05\/kd_logo.svg","width":250,"height":85,"caption":"Dardania College"},"image":{"@id":"http:\/\/kolegjidardania.com\/al\/#\/schema\/logo\/image\/"}}]}},"_links":{"self":[{"href":"https:\/\/kolegjidardania.com\/al\/wp-json\/wp\/v2\/pages\/988747","targetHints":{"allow":["GET"]}}],"collection":[{"href":"https:\/\/kolegjidardania.com\/al\/wp-json\/wp\/v2\/pages"}],"about":[{"href":"https:\/\/kolegjidardania.com\/al\/wp-json\/wp\/v2\/types\/page"}],"author":[{"embeddable":true,"href":"https:\/\/kolegjidardania.com\/al\/wp-json\/wp\/v2\/users\/1"}],"replies":[{"embeddable":true,"href":"https:\/\/kolegjidardania.com\/al\/wp-json\/wp\/v2\/comments?post=988747"}],"version-history":[{"count":0,"href":"https:\/\/kolegjidardania.com\/al\/wp-json\/wp\/v2\/pages\/988747\/revisions"}],"up":[{"embeddable":true,"href":"https:\/\/kolegjidardania.com\/al\/wp-json\/wp\/v2\/pages\/6285"}],"wp:attachment":[{"href":"https:\/\/kolegjidardania.com\/al\/wp-json\/wp\/v2\/media?parent=988747"}],"curies":[{"name":"wp","href":"https:\/\/api.w.org\/{rel}","templated":true}]}}