{"id":988284,"date":"2021-05-26T16:04:16","date_gmt":"2021-05-26T16:04:16","guid":{"rendered":"https:\/\/kolegjidardania.com\/?page_id=988284"},"modified":"2021-08-03T13:15:37","modified_gmt":"2021-08-03T13:15:37","slug":"activities","status":"publish","type":"page","link":"https:\/\/kolegjidardania.com\/al\/aktivitetet\/","title":{"rendered":"Aktivitetet"},"content":{"rendered":"<div data-elementor-type=\"wp-page\" data-elementor-id=\"988284\" class=\"elementor elementor-988284\">\n\t\t\t\t\t\t\t\t\t<section class=\"elementor-section elementor-top-section elementor-element elementor-element-fee0053 elementor-section-boxed elementor-section-height-default elementor-section-height-default\" data-id=\"fee0053\" data-element_type=\"section\">\n\t\t\t\t\t\t<div class=\"elementor-container elementor-column-gap-no\">\n\t\t\t\t\t<div class=\"elementor-column elementor-col-100 elementor-top-column elementor-element elementor-element-62e03dc\" data-id=\"62e03dc\" data-element_type=\"column\">\n\t\t\t<div class=\"elementor-widget-wrap elementor-element-populated\">\n\t\t\t\t\t\t\t\t\t<\/div>\n\t\t<\/div>\n\t\t\t\t\t\t\t<\/div>\n\t\t<\/section>\n\t\t\t\t<section class=\"elementor-section elementor-top-section elementor-element elementor-element-6a4e0d75 elementor-section-boxed elementor-section-height-default elementor-section-height-default\" data-id=\"6a4e0d75\" data-element_type=\"section\">\n\t\t\t\t\t\t<div class=\"elementor-container elementor-column-gap-no\">\n\t\t\t\t\t<div class=\"elementor-column elementor-col-100 elementor-top-column elementor-element elementor-element-4a5f9b39\" data-id=\"4a5f9b39\" data-element_type=\"column\">\n\t\t\t<div class=\"elementor-widget-wrap elementor-element-populated\">\n\t\t\t\t\t\t\t\t<div class=\"elementor-element elementor-element-43d6e11 elementor-grid-3 elementor-grid-tablet-2 elementor-grid-mobile-1 elementor-posts--thumbnail-top elementor-card-shadow-yes elementor-posts__hover-gradient elementor-invisible elementor-widget elementor-widget-posts\" data-id=\"43d6e11\" data-element_type=\"widget\" data-settings=\"{&quot;_animation&quot;:&quot;fadeIn&quot;,&quot;_animation_tablet&quot;:&quot;none&quot;,&quot;_animation_mobile&quot;:&quot;none&quot;,&quot;_animation_delay&quot;:200,&quot;pagination_type&quot;:&quot;numbers&quot;,&quot;cards_columns&quot;:&quot;3&quot;,&quot;cards_columns_tablet&quot;:&quot;2&quot;,&quot;cards_columns_mobile&quot;:&quot;1&quot;,&quot;cards_row_gap&quot;:{&quot;unit&quot;:&quot;px&quot;,&quot;size&quot;:35,&quot;sizes&quot;:[]},&quot;cards_row_gap_tablet&quot;:{&quot;unit&quot;:&quot;px&quot;,&quot;size&quot;:&quot;&quot;,&quot;sizes&quot;:[]},&quot;cards_row_gap_mobile&quot;:{&quot;unit&quot;:&quot;px&quot;,&quot;size&quot;:&quot;&quot;,&quot;sizes&quot;:[]}}\" data-widget_type=\"posts.cards\">\n\t\t\t\t<div class=\"elementor-widget-container\">\n\t\t\t\t\t<div class=\"elementor-posts-container elementor-posts elementor-posts--skin-cards elementor-grid\">\n\t\t\t\t<article class=\"elementor-post elementor-grid-item post-994932 post type-post status-publish format-standard has-post-thumbnail hentry category-activities category-announcements category-student-union\">\n\t\t\t<div class=\"elementor-post__card\">\n\t\t\t\t<a class=\"elementor-post__thumbnail__link\" href=\"https:\/\/kolegjidardania.com\/al\/unioni-studentor-i-kolegjit-dardania-uron-diten-nderkombetare-te-vullnetarizmit\/\" ><div class=\"elementor-post__thumbnail\"><img loading=\"lazy\" decoding=\"async\" width=\"768\" height=\"403\" src=\"https:\/\/kolegjidardania.com\/wp-content\/uploads\/2023\/12\/kd-768x403.png\" class=\"attachment-medium_large size-medium_large wp-image-994933\" alt=\"\" srcset=\"https:\/\/kolegjidardania.com\/wp-content\/uploads\/2023\/12\/kd-768x403.png 768w, https:\/\/kolegjidardania.com\/wp-content\/uploads\/2023\/12\/kd-300x158.png 300w, https:\/\/kolegjidardania.com\/wp-content\/uploads\/2023\/12\/kd-1024x538.png 1024w, https:\/\/kolegjidardania.com\/wp-content\/uploads\/2023\/12\/kd-18x9.png 18w, https:\/\/kolegjidardania.com\/wp-content\/uploads\/2023\/12\/kd.png 1200w\" sizes=\"auto, (max-width: 768px) 100vw, 768px\" \/><\/div><\/a>\n\t\t\t\t<div class=\"elementor-post__text\">\n\t\t\t\t<h3 class=\"elementor-post__title\">\n\t\t\t<a href=\"https:\/\/kolegjidardania.com\/al\/unioni-studentor-i-kolegjit-dardania-uron-diten-nderkombetare-te-vullnetarizmit\/\" >\n\t\t\t\tUnioni Studentor i Kolegjit Dardania uron Dit\u00ebn Nd\u00ebrkomb\u00ebtare t\u00eb Vullnetarizmit\t\t\t<\/a>\n\t\t<\/h3>\n\t\t\t\t<\/div>\n\t\t\t\t<div class=\"elementor-post__meta-data\">\n\t\t\t\t\t<span class=\"elementor-post-date\">\n\t\t\t\t\t<\/span>\n\t\t\t\t<\/div>\n\t\t\t\t\t<\/div>\n\t\t<\/article>\n\t\t\t\t<article class=\"elementor-post elementor-grid-item post-994388 post type-post status-publish format-standard has-post-thumbnail hentry category-activities category-announcements category-student-union\">\n\t\t\t<div class=\"elementor-post__card\">\n\t\t\t\t<a class=\"elementor-post__thumbnail__link\" href=\"https:\/\/kolegjidardania.com\/al\/ne-diten-boterore-te-autizmit-kolegji-dardania-shpreh-solidaritet-per-te-gjithe-te-prekurit-me-autizem\/\" ><div class=\"elementor-post__thumbnail\"><img loading=\"lazy\" decoding=\"async\" width=\"768\" height=\"403\" src=\"https:\/\/kolegjidardania.com\/wp-content\/uploads\/2023\/04\/web_fb_thumbnail-768x403.jpg\" class=\"attachment-medium_large size-medium_large wp-image-994390\" alt=\"\" srcset=\"https:\/\/kolegjidardania.com\/wp-content\/uploads\/2023\/04\/web_fb_thumbnail-768x403.jpg 768w, https:\/\/kolegjidardania.com\/wp-content\/uploads\/2023\/04\/web_fb_thumbnail-300x158.jpg 300w, https:\/\/kolegjidardania.com\/wp-content\/uploads\/2023\/04\/web_fb_thumbnail-1024x538.jpg 1024w, https:\/\/kolegjidardania.com\/wp-content\/uploads\/2023\/04\/web_fb_thumbnail-18x9.jpg 18w, https:\/\/kolegjidardania.com\/wp-content\/uploads\/2023\/04\/web_fb_thumbnail.jpg 1200w\" sizes=\"auto, (max-width: 768px) 100vw, 768px\" \/><\/div><\/a>\n\t\t\t\t<div class=\"elementor-post__text\">\n\t\t\t\t<h3 class=\"elementor-post__title\">\n\t\t\t<a href=\"https:\/\/kolegjidardania.com\/al\/ne-diten-boterore-te-autizmit-kolegji-dardania-shpreh-solidaritet-per-te-gjithe-te-prekurit-me-autizem\/\" >\n\t\t\t\tN\u00eb Dit\u00ebn Bot\u00ebrore t\u00eb Autizmit, Kolegji Dardania shpreh solidaritet p\u00ebr t\u00eb gjith\u00eb t\u00eb prekurit me autizem\t\t\t<\/a>\n\t\t<\/h3>\n\t\t\t\t<\/div>\n\t\t\t\t<div class=\"elementor-post__meta-data\">\n\t\t\t\t\t<span class=\"elementor-post-date\">\n\t\t\t\t\t<\/span>\n\t\t\t\t<\/div>\n\t\t\t\t\t<\/div>\n\t\t<\/article>\n\t\t\t\t<article class=\"elementor-post elementor-grid-item post-993572 post type-post status-publish format-standard has-post-thumbnail hentry category-activities category-announcements category-student-union\">\n\t\t\t<div class=\"elementor-post__card\">\n\t\t\t\t<a class=\"elementor-post__thumbnail__link\" href=\"https:\/\/kolegjidardania.com\/al\/java-dokumentarit-plaget-e-hapura-te-kosoves\/\" ><div class=\"elementor-post__thumbnail\"><img loading=\"lazy\" decoding=\"async\" width=\"768\" height=\"403\" src=\"https:\/\/kolegjidardania.com\/wp-content\/uploads\/2023\/02\/fb_design-768x403.jpg\" class=\"attachment-medium_large size-medium_large wp-image-993609\" alt=\"\" srcset=\"https:\/\/kolegjidardania.com\/wp-content\/uploads\/2023\/02\/fb_design-768x403.jpg 768w, https:\/\/kolegjidardania.com\/wp-content\/uploads\/2023\/02\/fb_design-300x158.jpg 300w, https:\/\/kolegjidardania.com\/wp-content\/uploads\/2023\/02\/fb_design-1024x538.jpg 1024w, https:\/\/kolegjidardania.com\/wp-content\/uploads\/2023\/02\/fb_design-18x9.jpg 18w, https:\/\/kolegjidardania.com\/wp-content\/uploads\/2023\/02\/fb_design.jpg 1200w\" sizes=\"auto, (max-width: 768px) 100vw, 768px\" \/><\/div><\/a>\n\t\t\t\t<div class=\"elementor-post__text\">\n\t\t\t\t<h3 class=\"elementor-post__title\">\n\t\t\t<a href=\"https:\/\/kolegjidardania.com\/al\/java-dokumentarit-plaget-e-hapura-te-kosoves\/\" >\n\t\t\t\tJava dokumentarit &#8211; Plag\u00ebt e hapura t\u00eb Kosov\u00ebs\t\t\t<\/a>\n\t\t<\/h3>\n\t\t\t\t<\/div>\n\t\t\t\t<div class=\"elementor-post__meta-data\">\n\t\t\t\t\t<span class=\"elementor-post-date\">\n\t\t\t\t\t<\/span>\n\t\t\t\t<\/div>\n\t\t\t\t\t<\/div>\n\t\t<\/article>\n\t\t\t\t<article class=\"elementor-post elementor-grid-item post-993372 post type-post status-publish format-standard has-post-thumbnail hentry category-activities category-announcements category-memorandums\">\n\t\t\t<div class=\"elementor-post__card\">\n\t\t\t\t<a class=\"elementor-post__thumbnail__link\" href=\"https:\/\/kolegjidardania.com\/al\/kolegji-dardania-nenshkroi-marreveshje-bashkepunimi-afatgjate-per-pranimin-e-studenteve-ne-pune-praktike\/\" ><div class=\"elementor-post__thumbnail\"><img loading=\"lazy\" decoding=\"async\" width=\"768\" height=\"404\" src=\"https:\/\/kolegjidardania.com\/wp-content\/uploads\/2023\/02\/1-2-768x404.jpg\" class=\"attachment-medium_large size-medium_large wp-image-993377\" alt=\"\" srcset=\"https:\/\/kolegjidardania.com\/wp-content\/uploads\/2023\/02\/1-2-768x404.jpg 768w, https:\/\/kolegjidardania.com\/wp-content\/uploads\/2023\/02\/1-2-300x158.jpg 300w, https:\/\/kolegjidardania.com\/wp-content\/uploads\/2023\/02\/1-2-18x9.jpg 18w, https:\/\/kolegjidardania.com\/wp-content\/uploads\/2023\/02\/1-2.jpg 1024w\" sizes=\"auto, (max-width: 768px) 100vw, 768px\" \/><\/div><\/a>\n\t\t\t\t<div class=\"elementor-post__text\">\n\t\t\t\t<h3 class=\"elementor-post__title\">\n\t\t\t<a href=\"https:\/\/kolegjidardania.com\/al\/kolegji-dardania-nenshkroi-marreveshje-bashkepunimi-afatgjate-per-pranimin-e-studenteve-ne-pune-praktike\/\" >\n\t\t\t\tKolegji Dardania n\u00ebnshkroi marr\u00ebveshje bashk\u00ebpunimi afatgjat\u00eb p\u00ebr pranimin e student\u00ebve n\u00eb pun\u00eb praktike.\t\t\t<\/a>\n\t\t<\/h3>\n\t\t\t\t<\/div>\n\t\t\t\t<div class=\"elementor-post__meta-data\">\n\t\t\t\t\t<span class=\"elementor-post-date\">\n\t\t\t\t\t<\/span>\n\t\t\t\t<\/div>\n\t\t\t\t\t<\/div>\n\t\t<\/article>\n\t\t\t\t<article class=\"elementor-post elementor-grid-item post-992256 post type-post status-publish format-standard has-post-thumbnail hentry category-activities category-announcements\">\n\t\t\t<div class=\"elementor-post__card\">\n\t\t\t\t<a class=\"elementor-post__thumbnail__link\" href=\"https:\/\/kolegjidardania.com\/al\/ipko-prezantoi-programin-e-praktikes-para-studenteve-te-kolegjit-dardania\/\" ><div class=\"elementor-post__thumbnail\"><img loading=\"lazy\" decoding=\"async\" width=\"768\" height=\"469\" src=\"https:\/\/kolegjidardania.com\/wp-content\/uploads\/2022\/04\/1ed-768x469.jpg\" class=\"attachment-medium_large size-medium_large wp-image-992259\" alt=\"\" srcset=\"https:\/\/kolegjidardania.com\/wp-content\/uploads\/2022\/04\/1ed-768x469.jpg 768w, https:\/\/kolegjidardania.com\/wp-content\/uploads\/2022\/04\/1ed-300x183.jpg 300w, https:\/\/kolegjidardania.com\/wp-content\/uploads\/2022\/04\/1ed-1024x625.jpg 1024w, https:\/\/kolegjidardania.com\/wp-content\/uploads\/2022\/04\/1ed-18x12.jpg 18w, https:\/\/kolegjidardania.com\/wp-content\/uploads\/2022\/04\/1ed.jpg 1280w\" sizes=\"auto, (max-width: 768px) 100vw, 768px\" \/><\/div><\/a>\n\t\t\t\t<div class=\"elementor-post__text\">\n\t\t\t\t<h3 class=\"elementor-post__title\">\n\t\t\t<a href=\"https:\/\/kolegjidardania.com\/al\/ipko-prezantoi-programin-e-praktikes-para-studenteve-te-kolegjit-dardania\/\" >\n\t\t\t\tIPKO prezantoi mund\u00ebsit\u00eb e pun\u00ebsimit para student\u00ebve t\u00eb Kolegjit Dardania\t\t\t<\/a>\n\t\t<\/h3>\n\t\t\t\t<\/div>\n\t\t\t\t<div class=\"elementor-post__meta-data\">\n\t\t\t\t\t<span class=\"elementor-post-date\">\n\t\t\t\t\t<\/span>\n\t\t\t\t<\/div>\n\t\t\t\t\t<\/div>\n\t\t<\/article>\n\t\t\t\t<article class=\"elementor-post elementor-grid-item post-990724 post type-post status-publish format-standard has-post-thumbnail hentry category-activities category-announcements tag-dardania tag-kolegji\">\n\t\t\t<div class=\"elementor-post__card\">\n\t\t\t\t<a class=\"elementor-post__thumbnail__link\" href=\"https:\/\/kolegjidardania.com\/al\/kolegji-dardania-vazhdon-te-organizoj-kurse-pergatitore-falas-per-testin-e-matures-2021\/\" ><div class=\"elementor-post__thumbnail\"><img loading=\"lazy\" decoding=\"async\" width=\"768\" height=\"397\" src=\"https:\/\/kolegjidardania.com\/wp-content\/uploads\/2021\/06\/Ajet-Ahmeti-Ushtrime-per-Test-Matures-768x397.jpg\" class=\"attachment-medium_large size-medium_large wp-image-990725\" alt=\"\" srcset=\"https:\/\/kolegjidardania.com\/wp-content\/uploads\/2021\/06\/Ajet-Ahmeti-Ushtrime-per-Test-Matures-768x397.jpg 768w, https:\/\/kolegjidardania.com\/wp-content\/uploads\/2021\/06\/Ajet-Ahmeti-Ushtrime-per-Test-Matures-300x155.jpg 300w, https:\/\/kolegjidardania.com\/wp-content\/uploads\/2021\/06\/Ajet-Ahmeti-Ushtrime-per-Test-Matures-1024x529.jpg 1024w, https:\/\/kolegjidardania.com\/wp-content\/uploads\/2021\/06\/Ajet-Ahmeti-Ushtrime-per-Test-Matures-1536x794.jpg 1536w, https:\/\/kolegjidardania.com\/wp-content\/uploads\/2021\/06\/Ajet-Ahmeti-Ushtrime-per-Test-Matures-16x8.jpg 16w, https:\/\/kolegjidardania.com\/wp-content\/uploads\/2021\/06\/Ajet-Ahmeti-Ushtrime-per-Test-Matures.jpg 1838w\" sizes=\"auto, (max-width: 768px) 100vw, 768px\" \/><\/div><\/a>\n\t\t\t\t<div class=\"elementor-post__text\">\n\t\t\t\t<h3 class=\"elementor-post__title\">\n\t\t\t<a href=\"https:\/\/kolegjidardania.com\/al\/kolegji-dardania-vazhdon-te-organizoj-kurse-pergatitore-falas-per-testin-e-matures-2021\/\" >\n\t\t\t\tKolegji Dardania vazhdon t\u00eb organizoj kurse p\u00ebrgatitore falas p\u00ebr Testin e Matur\u00ebs 2021\t\t\t<\/a>\n\t\t<\/h3>\n\t\t\t\t<\/div>\n\t\t\t\t<div class=\"elementor-post__meta-data\">\n\t\t\t\t\t<span class=\"elementor-post-date\">\n\t\t\t\t\t<\/span>\n\t\t\t\t<\/div>\n\t\t\t\t\t<\/div>\n\t\t<\/article>\n\t\t\t\t<article class=\"elementor-post elementor-grid-item post-992431 post type-post status-publish format-standard has-post-thumbnail hentry category-activities category-announcements\">\n\t\t\t<div class=\"elementor-post__card\">\n\t\t\t\t<a class=\"elementor-post__thumbnail__link\" href=\"https:\/\/kolegjidardania.com\/al\/qendra-per-ekselence-ne-mesimdhenie-ka-realizuar-dy-trajnime\/\" ><div class=\"elementor-post__thumbnail\"><img loading=\"lazy\" decoding=\"async\" width=\"768\" height=\"402\" src=\"https:\/\/kolegjidardania.com\/wp-content\/uploads\/2022\/05\/thumb-768x402.jpg\" class=\"attachment-medium_large size-medium_large wp-image-992432\" alt=\"trainingtechingexcellence\" srcset=\"https:\/\/kolegjidardania.com\/wp-content\/uploads\/2022\/05\/thumb-768x402.jpg 768w, https:\/\/kolegjidardania.com\/wp-content\/uploads\/2022\/05\/thumb-300x157.jpg 300w, https:\/\/kolegjidardania.com\/wp-content\/uploads\/2022\/05\/thumb-1024x536.jpg 1024w, https:\/\/kolegjidardania.com\/wp-content\/uploads\/2022\/05\/thumb-18x9.jpg 18w, https:\/\/kolegjidardania.com\/wp-content\/uploads\/2022\/05\/thumb.jpg 1200w\" sizes=\"auto, (max-width: 768px) 100vw, 768px\" \/><\/div><\/a>\n\t\t\t\t<div class=\"elementor-post__text\">\n\t\t\t\t<h3 class=\"elementor-post__title\">\n\t\t\t<a href=\"https:\/\/kolegjidardania.com\/al\/qendra-per-ekselence-ne-mesimdhenie-ka-realizuar-dy-trajnime\/\" >\n\t\t\t\tQendra p\u00ebr ekselenc\u00eb n\u00eb m\u00ebsimdh\u00ebnie ka realizuar dy trajnime:\t\t\t<\/a>\n\t\t<\/h3>\n\t\t\t\t<\/div>\n\t\t\t\t<div class=\"elementor-post__meta-data\">\n\t\t\t\t\t<span class=\"elementor-post-date\">\n\t\t\t\t\t<\/span>\n\t\t\t\t<\/div>\n\t\t\t\t\t<\/div>\n\t\t<\/article>\n\t\t\t\t<\/div>\n\t\t\n\t\t\t\t<\/div>\n\t\t\t\t<\/div>\n\t\t\t\t\t<\/div>\n\t\t<\/div>\n\t\t\t\t\t\t\t<\/div>\n\t\t<\/section>\n\t\t\t\t<section class=\"elementor-section elementor-top-section elementor-element elementor-element-3111062 elementor-section-boxed elementor-section-height-default elementor-section-height-default\" data-id=\"3111062\" data-element_type=\"section\" data-settings=\"{&quot;background_background&quot;:&quot;classic&quot;}\">\n\t\t\t\t\t\t<div class=\"elementor-container elementor-column-gap-default\">\n\t\t\t\t\t<div class=\"elementor-column elementor-col-100 elementor-top-column elementor-element elementor-element-cf18fd7\" data-id=\"cf18fd7\" data-element_type=\"column\">\n\t\t\t<div class=\"elementor-widget-wrap elementor-element-populated\">\n\t\t\t\t\t\t\t\t<div class=\"elementor-element elementor-element-a78185c elementor-widget__width-auto animated-fast elementor-invisible elementor-widget elementor-widget-heading\" data-id=\"a78185c\" data-element_type=\"widget\" data-settings=\"{&quot;_animation&quot;:&quot;fadeInUp&quot;,&quot;_animation_tablet&quot;:&quot;none&quot;,&quot;_animation_mobile&quot;:&quot;none&quot;,&quot;_animation_delay&quot;:400}\" data-widget_type=\"heading.default\">\n\t\t\t\t<div class=\"elementor-widget-container\">\n\t\t\t<h2 class=\"elementor-heading-title elementor-size-default\">APLIKO<\/h2>\t\t<\/div>\n\t\t\t\t<\/div>\n\t\t\t\t<div class=\"elementor-element elementor-element-223725b elementor-widget elementor-widget-heading\" data-id=\"223725b\" data-element_type=\"widget\" data-widget_type=\"heading.default\">\n\t\t\t\t<div class=\"elementor-widget-container\">\n\t\t\t<h5 class=\"elementor-heading-title elementor-size-default\">A jeni t\u00eb gatsh\u00ebm t\u00eb vazhdoni me hapin tjet\u00ebr drejt karrier\u00ebs suaj t\u00eb ardhshme?<\/h5>\t\t<\/div>\n\t\t\t\t<\/div>\n\t\t\t\t<div class=\"elementor-element elementor-element-187c01e elementor-align-center elementor-mobile-align-left elementor-widget elementor-widget-button\" data-id=\"187c01e\" data-element_type=\"widget\" data-widget_type=\"button.default\">\n\t\t\t\t<div class=\"elementor-widget-container\">\n\t\t\t\t\t<div class=\"elementor-button-wrapper\">\n\t\t\t<a class=\"elementor-button elementor-button-link elementor-size-sm\" href=\"https:\/\/kolegjidardania.com\/al\/apliko\/\">\n\t\t\t\t\t\t<span class=\"elementor-button-content-wrapper\">\n\t\t\t\t\t\t<span class=\"elementor-button-icon elementor-align-icon-right\">\n\t\t\t\t<i aria-hidden=\"true\" class=\"vamtamtheme- vamtam-theme-arrow-right\"><\/i>\t\t\t<\/span>\n\t\t\t\t\t\t<span class=\"elementor-button-text\">FORMA P\u00cbR APLIKIM<\/span>\n\t\t<\/span>\n\t\t\t\t\t<\/a>\n\t\t<\/div>\n\t\t\t\t<\/div>\n\t\t\t\t<\/div>\n\t\t\t\t<div class=\"elementor-element elementor-element-87186b7 elementor-align-right elementor-widget__width-auto elementor-widget elementor-widget-button\" data-id=\"87186b7\" data-element_type=\"widget\" data-widget_type=\"button.default\">\n\t\t\t\t<div class=\"elementor-widget-container\">\n\t\t\t\t\t<div class=\"elementor-button-wrapper\">\n\t\t\t<a class=\"elementor-button elementor-button-link elementor-size-sm\" href=\"https:\/\/kolegjidardania.com\/al\/kerko-informacion\/\">\n\t\t\t\t\t\t<span class=\"elementor-button-content-wrapper\">\n\t\t\t\t\t\t<span class=\"elementor-button-text\">Info Shtes\u00eb<\/span>\n\t\t<\/span>\n\t\t\t\t\t<\/a>\n\t\t<\/div>\n\t\t\t\t<\/div>\n\t\t\t\t<\/div>\n\t\t\t\t<div class=\"elementor-element elementor-element-0e1ad52 elementor-align-left elementor-widget__width-auto elementor-widget elementor-widget-button\" data-id=\"0e1ad52\" data-element_type=\"widget\" data-widget_type=\"button.default\">\n\t\t\t\t<div class=\"elementor-widget-container\">\n\t\t\t\t\t<div class=\"elementor-button-wrapper\">\n\t\t\t<a class=\"elementor-button elementor-button-link elementor-size-sm\" href=\"https:\/\/kolegjidardania.com\/al\/planifikoni-nje-vizite\/\">\n\t\t\t\t\t\t<span class=\"elementor-button-content-wrapper\">\n\t\t\t\t\t\t<span class=\"elementor-button-text\">Na Vizitoni<\/span>\n\t\t<\/span>\n\t\t\t\t\t<\/a>\n\t\t<\/div>\n\t\t\t\t<\/div>\n\t\t\t\t<\/div>\n\t\t\t\t\t<\/div>\n\t\t<\/div>\n\t\t\t\t\t\t\t<\/div>\n\t\t<\/section>\n\t\t\t\t\t\t\t<\/div>","protected":false},"excerpt":{"rendered":"<p>APPLY Are you ready to take the next step toward your future career? Application Form Request Info visit<\/p>","protected":false},"author":1,"featured_media":0,"parent":0,"menu_order":3,"comment_status":"closed","ping_status":"closed","template":"","meta":{"inline_featured_image":false,"footnotes":""},"class_list":["post-988284","page","type-page","status-publish","hentry"],"yoast_head":"<!-- This site is optimized with the Yoast SEO plugin v20.0 - https:\/\/yoast.com\/wordpress\/plugins\/seo\/ -->\n<title>Activities - Dardania College<\/title>\n<meta name=\"robots\" content=\"index, follow, max-snippet:-1, max-image-preview:large, max-video-preview:-1\" \/>\n<link rel=\"canonical\" href=\"https:\/\/kolegjidardania.com\/al\/aktivitetet\/\" \/>\n<meta property=\"og:locale\" content=\"sq_AL\" \/>\n<meta property=\"og:type\" content=\"article\" \/>\n<meta property=\"og:title\" content=\"Activities - Dardania College\" \/>\n<meta property=\"og:description\" content=\"APPLY Are you ready to take the next step toward your future career? Application Form Request Info visit\" \/>\n<meta property=\"og:url\" content=\"https:\/\/kolegjidardania.com\/al\/aktivitetet\/\" \/>\n<meta property=\"og:site_name\" content=\"Dardania College\" \/>\n<meta property=\"article:modified_time\" content=\"2021-08-03T13:15:37+00:00\" \/>\n<meta name=\"twitter:card\" content=\"summary_large_image\" \/>\n<meta name=\"twitter:label1\" content=\"Est. reading time\" \/>\n\t<meta name=\"twitter:data1\" content=\"1 minut\u00eb\" \/>\n<script type=\"application\/ld+json\" class=\"yoast-schema-graph\">{\"@context\":\"https:\/\/schema.org\",\"@graph\":[{\"@type\":\"WebPage\",\"@id\":\"https:\/\/kolegjidardania.com\/al\/aktivitetet\/\",\"url\":\"https:\/\/kolegjidardania.com\/al\/aktivitetet\/\",\"name\":\"Activities - Dardania College\",\"isPartOf\":{\"@id\":\"http:\/\/kolegjidardania.com\/al\/#website\"},\"datePublished\":\"2021-05-26T16:04:16+00:00\",\"dateModified\":\"2021-08-03T13:15:37+00:00\",\"breadcrumb\":{\"@id\":\"https:\/\/kolegjidardania.com\/al\/aktivitetet\/#breadcrumb\"},\"inLanguage\":\"sq\",\"potentialAction\":[{\"@type\":\"ReadAction\",\"target\":[\"https:\/\/kolegjidardania.com\/al\/aktivitetet\/\"]}]},{\"@type\":\"BreadcrumbList\",\"@id\":\"https:\/\/kolegjidardania.com\/al\/aktivitetet\/#breadcrumb\",\"itemListElement\":[{\"@type\":\"ListItem\",\"position\":1,\"name\":\"Home\",\"item\":\"https:\/\/kolegjidardania.com\/\"},{\"@type\":\"ListItem\",\"position\":2,\"name\":\"Activities\"}]},{\"@type\":\"WebSite\",\"@id\":\"http:\/\/kolegjidardania.com\/al\/#website\",\"url\":\"http:\/\/kolegjidardania.com\/al\/\",\"name\":\"Dardania College\",\"description\":\"\",\"publisher\":{\"@id\":\"http:\/\/kolegjidardania.com\/al\/#organization\"},\"potentialAction\":[{\"@type\":\"SearchAction\",\"target\":{\"@type\":\"EntryPoint\",\"urlTemplate\":\"http:\/\/kolegjidardania.com\/al\/?s={search_term_string}\"},\"query-input\":\"required name=search_term_string\"}],\"inLanguage\":\"sq\"},{\"@type\":\"Organization\",\"@id\":\"http:\/\/kolegjidardania.com\/al\/#organization\",\"name\":\"Dardania College\",\"url\":\"http:\/\/kolegjidardania.com\/al\/\",\"logo\":{\"@type\":\"ImageObject\",\"inLanguage\":\"sq\",\"@id\":\"http:\/\/kolegjidardania.com\/al\/#\/schema\/logo\/image\/\",\"url\":\"https:\/\/kolegjidardania.com\/wp-content\/uploads\/2021\/05\/kd_logo.svg\",\"contentUrl\":\"https:\/\/kolegjidardania.com\/wp-content\/uploads\/2021\/05\/kd_logo.svg\",\"width\":250,\"height\":85,\"caption\":\"Dardania College\"},\"image\":{\"@id\":\"http:\/\/kolegjidardania.com\/al\/#\/schema\/logo\/image\/\"}}]}<\/script>\n<!-- \/ Yoast SEO plugin. -->","yoast_head_json":{"title":"Activities - Dardania College","robots":{"index":"index","follow":"follow","max-snippet":"max-snippet:-1","max-image-preview":"max-image-preview:large","max-video-preview":"max-video-preview:-1"},"canonical":"https:\/\/kolegjidardania.com\/al\/aktivitetet\/","og_locale":"sq_AL","og_type":"article","og_title":"Activities - Dardania College","og_description":"APPLY Are you ready to take the next step toward your future career? Application Form Request Info visit","og_url":"https:\/\/kolegjidardania.com\/al\/aktivitetet\/","og_site_name":"Dardania College","article_modified_time":"2021-08-03T13:15:37+00:00","twitter_card":"summary_large_image","twitter_misc":{"Est. reading time":"1 minut\u00eb"},"schema":{"@context":"https:\/\/schema.org","@graph":[{"@type":"WebPage","@id":"https:\/\/kolegjidardania.com\/al\/aktivitetet\/","url":"https:\/\/kolegjidardania.com\/al\/aktivitetet\/","name":"Activities - Dardania College","isPartOf":{"@id":"http:\/\/kolegjidardania.com\/al\/#website"},"datePublished":"2021-05-26T16:04:16+00:00","dateModified":"2021-08-03T13:15:37+00:00","breadcrumb":{"@id":"https:\/\/kolegjidardania.com\/al\/aktivitetet\/#breadcrumb"},"inLanguage":"sq","potentialAction":[{"@type":"ReadAction","target":["https:\/\/kolegjidardania.com\/al\/aktivitetet\/"]}]},{"@type":"BreadcrumbList","@id":"https:\/\/kolegjidardania.com\/al\/aktivitetet\/#breadcrumb","itemListElement":[{"@type":"ListItem","position":1,"name":"Home","item":"https:\/\/kolegjidardania.com\/"},{"@type":"ListItem","position":2,"name":"Activities"}]},{"@type":"WebSite","@id":"http:\/\/kolegjidardania.com\/al\/#website","url":"http:\/\/kolegjidardania.com\/al\/","name":"Dardania College","description":"","publisher":{"@id":"http:\/\/kolegjidardania.com\/al\/#organization"},"potentialAction":[{"@type":"SearchAction","target":{"@type":"EntryPoint","urlTemplate":"http:\/\/kolegjidardania.com\/al\/?s={search_term_string}"},"query-input":"required name=search_term_string"}],"inLanguage":"sq"},{"@type":"Organization","@id":"http:\/\/kolegjidardania.com\/al\/#organization","name":"Dardania College","url":"http:\/\/kolegjidardania.com\/al\/","logo":{"@type":"ImageObject","inLanguage":"sq","@id":"http:\/\/kolegjidardania.com\/al\/#\/schema\/logo\/image\/","url":"https:\/\/kolegjidardania.com\/wp-content\/uploads\/2021\/05\/kd_logo.svg","contentUrl":"https:\/\/kolegjidardania.com\/wp-content\/uploads\/2021\/05\/kd_logo.svg","width":250,"height":85,"caption":"Dardania College"},"image":{"@id":"http:\/\/kolegjidardania.com\/al\/#\/schema\/logo\/image\/"}}]}},"_links":{"self":[{"href":"https:\/\/kolegjidardania.com\/al\/wp-json\/wp\/v2\/pages\/988284","targetHints":{"allow":["GET"]}}],"collection":[{"href":"https:\/\/kolegjidardania.com\/al\/wp-json\/wp\/v2\/pages"}],"about":[{"href":"https:\/\/kolegjidardania.com\/al\/wp-json\/wp\/v2\/types\/page"}],"author":[{"embeddable":true,"href":"https:\/\/kolegjidardania.com\/al\/wp-json\/wp\/v2\/users\/1"}],"replies":[{"embeddable":true,"href":"https:\/\/kolegjidardania.com\/al\/wp-json\/wp\/v2\/comments?post=988284"}],"version-history":[{"count":0,"href":"https:\/\/kolegjidardania.com\/al\/wp-json\/wp\/v2\/pages\/988284\/revisions"}],"wp:attachment":[{"href":"https:\/\/kolegjidardania.com\/al\/wp-json\/wp\/v2\/media?parent=988284"}],"curies":[{"name":"wp","href":"https:\/\/api.w.org\/{rel}","templated":true}]}}