{"id":988265,"date":"2021-05-26T15:44:21","date_gmt":"2021-05-26T15:44:21","guid":{"rendered":"https:\/\/kolegjidardania.com\/?page_id=988265"},"modified":"2021-07-24T15:48:18","modified_gmt":"2021-07-24T15:48:18","slug":"library","status":"publish","type":"page","link":"https:\/\/kolegjidardania.com\/al\/studimi\/biblioteka\/","title":{"rendered":"Biblioteka"},"content":{"rendered":"<div data-elementor-type=\"wp-page\" data-elementor-id=\"988265\" class=\"elementor elementor-988265\">\n\t\t\t\t\t\t\t\t\t<section class=\"elementor-section elementor-top-section elementor-element elementor-element-6513f163 elementor-section-height-min-height elementor-section-boxed elementor-section-height-default elementor-section-items-middle\" data-id=\"6513f163\" data-element_type=\"section\" data-settings=\"{&quot;background_background&quot;:&quot;classic&quot;}\">\n\t\t\t\t\t\t<div class=\"elementor-container elementor-column-gap-default\">\n\t\t\t\t\t<div class=\"elementor-column elementor-col-100 elementor-top-column elementor-element elementor-element-541589f3\" data-id=\"541589f3\" data-element_type=\"column\" data-settings=\"{&quot;background_background&quot;:&quot;classic&quot;}\">\n\t\t\t<div class=\"elementor-widget-wrap\">\n\t\t\t\t\t\t\t\t\t<\/div>\n\t\t<\/div>\n\t\t\t\t\t\t\t<\/div>\n\t\t<\/section>\n\t\t\t\t<section class=\"elementor-section elementor-top-section elementor-element elementor-element-5cfb1d6e elementor-section-boxed elementor-section-height-default elementor-section-height-default\" data-id=\"5cfb1d6e\" data-element_type=\"section\">\n\t\t\t\t\t\t<div class=\"elementor-container elementor-column-gap-no\">\n\t\t\t\t\t<div class=\"elementor-column elementor-col-50 elementor-top-column elementor-element elementor-element-6c983261 animated-fast elementor-invisible\" data-id=\"6c983261\" data-element_type=\"column\" data-settings=\"{&quot;background_background&quot;:&quot;classic&quot;,&quot;animation&quot;:&quot;fadeIn&quot;,&quot;animation_tablet&quot;:&quot;none&quot;,&quot;animation_mobile&quot;:&quot;none&quot;,&quot;animation_delay&quot;:100}\">\n\t\t\t<div class=\"elementor-widget-wrap elementor-element-populated\">\n\t\t\t\t\t\t\t\t<div class=\"elementor-element elementor-element-10fc07b1 elementor-widget elementor-widget-text-editor\" data-id=\"10fc07b1\" data-element_type=\"widget\" data-widget_type=\"text-editor.default\">\n\t\t\t\t<div class=\"elementor-widget-container\">\n\t\t\t\t\t\t\t<p>Kolegji Dardania ka nj\u00eb bibliotek\u00eb fizike e cila p\u00ebrfshin\u00eb katin e 3-t\u00eb dhe katin e 4-t\u00eb t\u00eb institucionit ton\u00eb, dhe siguron qasje p\u00ebr student\u00ebt n\u00eb bibliotek\u00eb elektronike dhe revista shkencore online. Biblioteka e Kolegjit Dardania ka stokun e vet t\u00eb librave n\u00eb gjuh\u00ebn shqipe dhe n\u00eb gjuh\u00ebn\nangleze sipas disiplinave n\u00eb planprogramet e studimit. Po ashtu, dy salla leximi jan\u00eb n\u00eb dispozicion p\u00ebr student\u00ebt.<\/p>\t\t\t\t\t\t<\/div>\n\t\t\t\t<\/div>\n\t\t\t\t\t<\/div>\n\t\t<\/div>\n\t\t\t\t<div class=\"elementor-column elementor-col-50 elementor-top-column elementor-element elementor-element-55e51db8 elementor-hidden-desktop elementor-hidden-tablet elementor-hidden-phone\" data-id=\"55e51db8\" data-element_type=\"column\">\n\t\t\t<div class=\"elementor-widget-wrap\">\n\t\t\t\t\t\t\t\t\t<\/div>\n\t\t<\/div>\n\t\t\t\t\t\t\t<\/div>\n\t\t<\/section>\n\t\t\t\t<section class=\"elementor-section elementor-top-section elementor-element elementor-element-71c16a3 elementor-section-boxed elementor-section-height-default elementor-section-height-default\" data-id=\"71c16a3\" data-element_type=\"section\">\n\t\t\t\t\t\t<div class=\"elementor-container elementor-column-gap-default\">\n\t\t\t\t\t<div class=\"elementor-column elementor-col-100 elementor-top-column elementor-element elementor-element-48d2ca09\" data-id=\"48d2ca09\" data-element_type=\"column\">\n\t\t\t<div class=\"elementor-widget-wrap elementor-element-populated\">\n\t\t\t\t\t\t\t\t<div class=\"elementor-element elementor-element-3dd3d370 elementor-invisible elementor-widget elementor-widget-text-editor\" data-id=\"3dd3d370\" data-element_type=\"widget\" data-settings=\"{&quot;_animation&quot;:&quot;fadeInUp&quot;,&quot;_animation_tablet&quot;:&quot;none&quot;,&quot;_animation_mobile&quot;:&quot;none&quot;,&quot;_animation_delay&quot;:300}\" data-widget_type=\"text-editor.default\">\n\t\t\t\t<div class=\"elementor-widget-container\">\n\t\t\t\t\t\t\t<p>Kolegji Dardania posedon bibliotek\u00ebn fizike e cila p\u00ebrfshin\u00eb katin e 3 dhe katin e 4 t\u00eb hap\u00ebsirave t\u00eb institucionit ton\u00eb. P\u00ebrve\u00e7 bibliotek\u00ebs fizike, student\u00ebt kan\u00eb mund\u00ebsin\u00eb q\u00eb t\u00eb qasen edhe n\u00eb bibliotek\u00ebn elektronike.<\/p><p>Biblioteka \u00ebsht\u00eb e pajisur me literatur\u00ebn m\u00eb t\u00eb re dhe moderne, e cila \u00ebsht\u00eb n\u00eb dispozicion t\u00eb student\u00ebve n\u00eb \u00e7do koh\u00eb. Biblioteka e Kolegjit Dardania i p\u00ebrmbush n\u00eb t\u00ebr\u00ebsi nevojat e student\u00ebve p\u00ebr libra, tekste dhe literatur\u00eb si p\u00ebr l\u00ebnd\u00ebt obligative ashtu edhe p\u00ebr l\u00ebnd\u00ebt zgjedhore t\u00eb cilat ligj\u00ebrohen n\u00eb programet e studimit t\u00eb ofruara. P\u00ebrve\u00e7 titujve t\u00eb k\u00ebrkuar, Kolegji Dardania ka siguruar tituj t\u00eb tjer\u00eb t\u00eb cil\u00ebt i ndihmojn\u00eb student\u00ebt t\u00eb thellojn\u00eb njohurit\u00eb e tyre n\u00eb fusha t\u00eb ndryshme sipas preferencave t\u00eb tyre.<\/p><p>Biblioteka e Kolegjit Dardania ka stokun e vet t\u00eb librave n\u00eb gjuh\u00ebn shqipe dhe n\u00eb gjuh\u00ebn angleze sipas disiplinave n\u00eb planprogramet e studimeve dhe p\u00ebrfshin\u00eb dy salla leximi q\u00eb jan\u00eb n\u00eb dispozicion t\u00eb student\u00ebve. Biblioteka ka hap\u00ebsir\u00ebn e vet t\u00eb leximit, hap\u00ebsir\u00ebn e pun\u00ebs n\u00eb grupe dhe kompjuter\u00ebt q\u00eb mund t\u00eb p\u00ebrdoren nga student\u00ebt. P\u00ebrve\u00e7 bibliotek\u00ebs fizike, Kolegji Dardania u ka siguruar student\u00ebve qasje n\u00eb bibliotekat elektronike n\u00eb m\u00ebnyr\u00eb q\u00eb ata t'i p\u00ebrdorin ato gjat\u00eb studimeve t\u00eb tyre.<\/p><p>Krahas k\u00ebsaj duke e ditur se diturit\u00eb p\u00ebrdit\u00ebsohen sipas shtimit eksponencial, Kolegji Dardania ka siguruar linqe elektronike t\u00eb distributor\u00ebve eminent\u00eb q\u00eb student\u00ebt t\u00eb ken\u00eb qasje t\u00eb leht\u00eb dhe m\u00eb t\u00eb shpejt n\u00eb burime bashk\u00ebkohore, duke mund\u00ebsuar shfletimin e librave elektronik\u00eb t\u00eb cil\u00ebt jan\u00eb botimet e fundit t\u00eb publikuara nga ekspert\u00ebt e fushave p\u00ebrkat\u00ebse.<\/p><p>Kolegji Dardania \u00ebsht\u00eb pjes\u00eb e Konsorciumit t\u00eb Bibliotekave Elektronike t\u00eb Kosov\u00ebs q\u00eb vepron brenda Bibliotek\u00ebs Komb\u00ebtare dhe Universitare t\u00eb Kosov\u00ebs. Kolegji Dardania ka siguruar qasje n\u00eb dhjet\u00eb baza t\u00eb t\u00eb dh\u00ebnave t\u00eb revistave elektronike Ebsco duke u b\u00ebr\u00eb pjes\u00eb e Konsorciumit t\u00eb Bibliotekave Elektronike t\u00eb Kosov\u00ebs. Mij\u00ebra tituj t\u00eb revistave elektronike t\u00eb fushave t\u00eb ndryshme jan\u00eb p\u00ebrfshir\u00eb n\u00eb dhjet\u00eb baza elektronike t\u00eb t\u00eb dh\u00ebnave n\u00eb t\u00eb cilat ka qasje Kolegji Dardania. P\u00ebrve\u00e7 k\u00ebsaj, ne sigurohemi q\u00eb azhurnimi i vazhduesh\u00ebm i bibliotek\u00ebs me nj\u00eb num\u00ebr t\u00eb konsideruesh\u00ebm t\u00eb botimeve q\u00eb botohen dhe q\u00eb p\u00ebrputhen me planet e studimit t\u00eb programeve t\u00eb studimit.<\/p>\t\t\t\t\t\t<\/div>\n\t\t\t\t<\/div>\n\t\t\t\t\t<\/div>\n\t\t<\/div>\n\t\t\t\t\t\t\t<\/div>\n\t\t<\/section>\n\t\t\t\t<section class=\"elementor-section elementor-top-section elementor-element elementor-element-6efdc03 elementor-reverse-tablet elementor-section-boxed elementor-section-height-default elementor-section-height-default\" data-id=\"6efdc03\" data-element_type=\"section\">\n\t\t\t\t\t\t<div class=\"elementor-container elementor-column-gap-no\">\n\t\t\t\t\t<div class=\"elementor-column elementor-col-33 elementor-top-column elementor-element elementor-element-5153e9f elementor-hidden-phone\" data-id=\"5153e9f\" data-element_type=\"column\">\n\t\t\t<div class=\"elementor-widget-wrap elementor-element-populated\">\n\t\t\t\t\t\t\t\t<div class=\"elementor-element elementor-element-35ba4a1 elementor-invisible elementor-widget elementor-widget-image\" data-id=\"35ba4a1\" data-element_type=\"widget\" data-settings=\"{&quot;_animation&quot;:&quot;imageGrowWithScaleBottom&quot;,&quot;_animation_tablet&quot;:&quot;none&quot;,&quot;_animation_mobile&quot;:&quot;none&quot;,&quot;_animation_delay&quot;:500}\" data-widget_type=\"image.default\">\n\t\t\t\t<div class=\"elementor-widget-container\">\n\t\t\t\t\t\t\t\t\t\t\t\t\t\t\t<img loading=\"lazy\" decoding=\"async\" width=\"630\" height=\"1000\" src=\"https:\/\/kolegjidardania.com\/wp-content\/uploads\/2021\/05\/lib3.jpg\" class=\"attachment-full size-full wp-image-988844\" alt=\"\" srcset=\"https:\/\/kolegjidardania.com\/wp-content\/uploads\/2021\/05\/lib3.jpg 630w, https:\/\/kolegjidardania.com\/wp-content\/uploads\/2021\/05\/lib3-189x300.jpg 189w, https:\/\/kolegjidardania.com\/wp-content\/uploads\/2021\/05\/lib3-426x676.jpg 426w, https:\/\/kolegjidardania.com\/wp-content\/uploads\/2021\/05\/lib3-320x508.jpg 320w\" sizes=\"auto, (max-width: 630px) 100vw, 630px\" \/>\t\t\t\t\t\t\t\t\t\t\t\t\t\t\t<\/div>\n\t\t\t\t<\/div>\n\t\t\t\t\t<\/div>\n\t\t<\/div>\n\t\t\t\t<div class=\"elementor-column elementor-col-33 elementor-top-column elementor-element elementor-element-afe7279\" data-id=\"afe7279\" data-element_type=\"column\" data-settings=\"{&quot;background_background&quot;:&quot;classic&quot;}\">\n\t\t\t<div class=\"elementor-widget-wrap elementor-element-populated\">\n\t\t\t\t\t\t\t\t<div class=\"elementor-element elementor-element-453bafb elementor-invisible elementor-widget elementor-widget-image\" data-id=\"453bafb\" data-element_type=\"widget\" data-settings=\"{&quot;_animation&quot;:&quot;imageGrowWithScaleBottom&quot;,&quot;_animation_tablet&quot;:&quot;none&quot;,&quot;_animation_mobile&quot;:&quot;none&quot;,&quot;_animation_delay&quot;:800}\" data-widget_type=\"image.default\">\n\t\t\t\t<div class=\"elementor-widget-container\">\n\t\t\t\t\t\t\t\t\t\t\t\t\t\t\t<img loading=\"lazy\" decoding=\"async\" width=\"630\" height=\"1000\" src=\"https:\/\/kolegjidardania.com\/wp-content\/uploads\/2021\/05\/student.jpg\" class=\"attachment-full size-full wp-image-988270\" alt=\"\" srcset=\"https:\/\/kolegjidardania.com\/wp-content\/uploads\/2021\/05\/student.jpg 630w, https:\/\/kolegjidardania.com\/wp-content\/uploads\/2021\/05\/student-189x300.jpg 189w, https:\/\/kolegjidardania.com\/wp-content\/uploads\/2021\/05\/student-426x676.jpg 426w, https:\/\/kolegjidardania.com\/wp-content\/uploads\/2021\/05\/student-320x508.jpg 320w\" sizes=\"auto, (max-width: 630px) 100vw, 630px\" \/>\t\t\t\t\t\t\t\t\t\t\t\t\t\t\t<\/div>\n\t\t\t\t<\/div>\n\t\t\t\t<div class=\"elementor-element elementor-element-d1d9f2c elementor-hidden-tablet elementor-hidden-phone animated-fast elementor-invisible elementor-widget elementor-widget-image\" data-id=\"d1d9f2c\" data-element_type=\"widget\" data-settings=\"{&quot;_animation&quot;:&quot;pulse&quot;,&quot;_animation_delay&quot;:1500}\" data-widget_type=\"image.default\">\n\t\t\t\t<div class=\"elementor-widget-container\">\n\t\t\t\t\t\t\t\t\t\t\t\t\t\t\t<img loading=\"lazy\" decoding=\"async\" width=\"226\" height=\"226\" src=\"https:\/\/kolegjidardania.com\/wp-content\/uploads\/2021\/01\/star.png\" class=\"attachment-full size-full wp-image-13319\" alt=\"\" srcset=\"https:\/\/kolegjidardania.com\/wp-content\/uploads\/2021\/01\/star.png 226w, https:\/\/kolegjidardania.com\/wp-content\/uploads\/2021\/01\/star-150x150.png 150w\" sizes=\"auto, (max-width: 226px) 100vw, 226px\" \/>\t\t\t\t\t\t\t\t\t\t\t\t\t\t\t<\/div>\n\t\t\t\t<\/div>\n\t\t\t\t\t<\/div>\n\t\t<\/div>\n\t\t\t\t<div class=\"elementor-column elementor-col-33 elementor-top-column elementor-element elementor-element-da35246 elementor-hidden-phone elementor-hidden-tablet\" data-id=\"da35246\" data-element_type=\"column\">\n\t\t\t<div class=\"elementor-widget-wrap elementor-element-populated\">\n\t\t\t\t\t\t\t\t<div class=\"elementor-element elementor-element-37802d5 elementor-invisible elementor-widget elementor-widget-image\" data-id=\"37802d5\" data-element_type=\"widget\" data-settings=\"{&quot;_animation&quot;:&quot;imageGrowWithScaleBottom&quot;,&quot;_animation_delay&quot;:500}\" data-widget_type=\"image.default\">\n\t\t\t\t<div class=\"elementor-widget-container\">\n\t\t\t\t\t\t\t\t\t\t\t\t\t\t\t<img loading=\"lazy\" decoding=\"async\" width=\"630\" height=\"1000\" src=\"https:\/\/kolegjidardania.com\/wp-content\/uploads\/2021\/05\/lib2.jpg\" class=\"attachment-full size-full wp-image-988843\" alt=\"\" srcset=\"https:\/\/kolegjidardania.com\/wp-content\/uploads\/2021\/05\/lib2.jpg 630w, https:\/\/kolegjidardania.com\/wp-content\/uploads\/2021\/05\/lib2-189x300.jpg 189w, https:\/\/kolegjidardania.com\/wp-content\/uploads\/2021\/05\/lib2-426x676.jpg 426w, https:\/\/kolegjidardania.com\/wp-content\/uploads\/2021\/05\/lib2-320x508.jpg 320w\" sizes=\"auto, (max-width: 630px) 100vw, 630px\" \/>\t\t\t\t\t\t\t\t\t\t\t\t\t\t\t<\/div>\n\t\t\t\t<\/div>\n\t\t\t\t\t<\/div>\n\t\t<\/div>\n\t\t\t\t\t\t\t<\/div>\n\t\t<\/section>\n\t\t\t\t<section class=\"elementor-section elementor-top-section elementor-element elementor-element-7d1acfc elementor-section-boxed elementor-section-height-default elementor-section-height-default\" data-id=\"7d1acfc\" data-element_type=\"section\" data-settings=\"{&quot;background_background&quot;:&quot;classic&quot;}\">\n\t\t\t\t\t\t<div class=\"elementor-container elementor-column-gap-default\">\n\t\t\t\t\t<div class=\"elementor-column elementor-col-100 elementor-top-column elementor-element elementor-element-fb51283\" data-id=\"fb51283\" data-element_type=\"column\">\n\t\t\t<div class=\"elementor-widget-wrap elementor-element-populated\">\n\t\t\t\t\t\t\t\t<div class=\"elementor-element elementor-element-d3e492a elementor-widget elementor-widget-heading\" data-id=\"d3e492a\" data-element_type=\"widget\" data-widget_type=\"heading.default\">\n\t\t\t\t<div class=\"elementor-widget-container\">\n\t\t\t<h3 class=\"elementor-heading-title elementor-size-default\">Krijoni miq\u00ebsi gjat\u00eb gjith\u00eb jet\u00ebs me student\u00eb q\u00eb ndajn\u00eb interesat, pasionet dhe perspektivat e juaja t\u00eb p\u00ebrbashk\u00ebta.<\/h3>\t\t<\/div>\n\t\t\t\t<\/div>\n\t\t\t\t\t<\/div>\n\t\t<\/div>\n\t\t\t\t\t\t\t<\/div>\n\t\t<\/section>\n\t\t\t\t<section class=\"elementor-section elementor-top-section elementor-element elementor-element-4b8f2075 elementor-section-boxed elementor-section-height-default elementor-section-height-default\" data-id=\"4b8f2075\" data-element_type=\"section\">\n\t\t\t\t\t\t<div class=\"elementor-container elementor-column-gap-default\">\n\t\t\t\t\t<div class=\"elementor-column elementor-col-100 elementor-top-column elementor-element elementor-element-6df858b6\" data-id=\"6df858b6\" data-element_type=\"column\">\n\t\t\t<div class=\"elementor-widget-wrap elementor-element-populated\">\n\t\t\t\t\t\t\t\t<div class=\"elementor-element elementor-element-261cc74d elementor-widget__width-auto animated-fast elementor-invisible elementor-widget elementor-widget-heading\" data-id=\"261cc74d\" data-element_type=\"widget\" data-settings=\"{&quot;_animation&quot;:&quot;fadeInUp&quot;,&quot;_animation_tablet&quot;:&quot;none&quot;,&quot;_animation_mobile&quot;:&quot;none&quot;,&quot;_animation_delay&quot;:400}\" data-widget_type=\"heading.default\">\n\t\t\t\t<div class=\"elementor-widget-container\">\n\t\t\t<h1 class=\"elementor-heading-title elementor-size-default\">APLIKO<\/h1>\t\t<\/div>\n\t\t\t\t<\/div>\n\t\t\t\t\t<\/div>\n\t\t<\/div>\n\t\t\t\t\t\t\t<\/div>\n\t\t<\/section>\n\t\t\t\t<section class=\"elementor-section elementor-top-section elementor-element elementor-element-00bba59 elementor-section-boxed elementor-section-height-default elementor-section-height-default\" data-id=\"00bba59\" data-element_type=\"section\" data-settings=\"{&quot;background_background&quot;:&quot;classic&quot;}\">\n\t\t\t\t\t\t<div class=\"elementor-container elementor-column-gap-default\">\n\t\t\t\t\t<div class=\"elementor-column elementor-col-100 elementor-top-column elementor-element elementor-element-eab3094\" data-id=\"eab3094\" data-element_type=\"column\">\n\t\t\t<div class=\"elementor-widget-wrap elementor-element-populated\">\n\t\t\t\t\t\t\t\t<div class=\"elementor-element elementor-element-fc4c3e2 elementor-widget elementor-widget-heading\" data-id=\"fc4c3e2\" data-element_type=\"widget\" data-widget_type=\"heading.default\">\n\t\t\t\t<div class=\"elementor-widget-container\">\n\t\t\t<h5 class=\"elementor-heading-title elementor-size-default\">A jeni t\u00eb gatsh\u00ebm t\u00eb vazhdoni me hapin tjet\u00ebr drejt karrier\u00ebs suaj t\u00eb ardhshme?<\/h5>\t\t<\/div>\n\t\t\t\t<\/div>\n\t\t\t\t<div class=\"elementor-element elementor-element-07f6002 elementor-align-center elementor-mobile-align-left elementor-widget elementor-widget-button\" data-id=\"07f6002\" data-element_type=\"widget\" data-widget_type=\"button.default\">\n\t\t\t\t<div class=\"elementor-widget-container\">\n\t\t\t\t\t<div class=\"elementor-button-wrapper\">\n\t\t\t<a class=\"elementor-button elementor-button-link elementor-size-sm\" href=\"https:\/\/kolegjidardania.com\/al\/apliko\/\">\n\t\t\t\t\t\t<span class=\"elementor-button-content-wrapper\">\n\t\t\t\t\t\t<span class=\"elementor-button-icon elementor-align-icon-right\">\n\t\t\t\t<i aria-hidden=\"true\" class=\"vamtamtheme- vamtam-theme-arrow-right\"><\/i>\t\t\t<\/span>\n\t\t\t\t\t\t<span class=\"elementor-button-text\">FORMA P\u00cbR APLIKIM<\/span>\n\t\t<\/span>\n\t\t\t\t\t<\/a>\n\t\t<\/div>\n\t\t\t\t<\/div>\n\t\t\t\t<\/div>\n\t\t\t\t<div class=\"elementor-element elementor-element-bb9e6c8 elementor-align-right elementor-widget__width-auto elementor-widget elementor-widget-button\" data-id=\"bb9e6c8\" data-element_type=\"widget\" data-widget_type=\"button.default\">\n\t\t\t\t<div class=\"elementor-widget-container\">\n\t\t\t\t\t<div class=\"elementor-button-wrapper\">\n\t\t\t<a class=\"elementor-button elementor-button-link elementor-size-sm\" href=\"https:\/\/kolegjidardania.com\/al\/kerko-informacion\/\">\n\t\t\t\t\t\t<span class=\"elementor-button-content-wrapper\">\n\t\t\t\t\t\t<span class=\"elementor-button-text\">Info Shtes\u00eb<\/span>\n\t\t<\/span>\n\t\t\t\t\t<\/a>\n\t\t<\/div>\n\t\t\t\t<\/div>\n\t\t\t\t<\/div>\n\t\t\t\t<div class=\"elementor-element elementor-element-926b425 elementor-align-left elementor-widget__width-auto elementor-widget elementor-widget-button\" data-id=\"926b425\" data-element_type=\"widget\" data-widget_type=\"button.default\">\n\t\t\t\t<div class=\"elementor-widget-container\">\n\t\t\t\t\t<div class=\"elementor-button-wrapper\">\n\t\t\t<a class=\"elementor-button elementor-button-link elementor-size-sm\" href=\"https:\/\/kolegjidardania.com\/al\/planifikoni-nje-vizite\/\">\n\t\t\t\t\t\t<span class=\"elementor-button-content-wrapper\">\n\t\t\t\t\t\t<span class=\"elementor-button-text\">Na Vizitoni<\/span>\n\t\t<\/span>\n\t\t\t\t\t<\/a>\n\t\t<\/div>\n\t\t\t\t<\/div>\n\t\t\t\t<\/div>\n\t\t\t\t\t<\/div>\n\t\t<\/div>\n\t\t\t\t\t\t\t<\/div>\n\t\t<\/section>\n\t\t\t\t\t\t\t<\/div>","protected":false},"excerpt":{"rendered":"<p>Dardania College has a physical library which includes the 3rd floor and the 4th floor of our institution, and provides access to its students in electronic library and online journals. The library of Dardania College has its own book stock in Albanian and English language according to the disciplines in the curriculum. In addition, two&#8230;<\/p>","protected":false},"author":1,"featured_media":0,"parent":6283,"menu_order":4,"comment_status":"closed","ping_status":"closed","template":"","meta":{"inline_featured_image":false,"footnotes":""},"class_list":["post-988265","page","type-page","status-publish","hentry"],"yoast_head":"<!-- This site is optimized with the Yoast SEO plugin v20.0 - https:\/\/yoast.com\/wordpress\/plugins\/seo\/ -->\n<title>Library - Dardania College<\/title>\n<meta name=\"robots\" content=\"index, follow, max-snippet:-1, max-image-preview:large, max-video-preview:-1\" \/>\n<link rel=\"canonical\" href=\"https:\/\/kolegjidardania.com\/al\/studimi\/biblioteka\/\" \/>\n<meta property=\"og:locale\" content=\"sq_AL\" \/>\n<meta property=\"og:type\" content=\"article\" \/>\n<meta property=\"og:title\" content=\"Library - Dardania College\" \/>\n<meta property=\"og:description\" content=\"Dardania College has a physical library which includes the 3rd floor and the 4th floor of our institution, and provides access to its students in electronic library and online journals. The library of Dardania College has its own book stock in Albanian and English language according to the disciplines in the curriculum. In addition, two...\" \/>\n<meta property=\"og:url\" content=\"https:\/\/kolegjidardania.com\/al\/studimi\/biblioteka\/\" \/>\n<meta property=\"og:site_name\" content=\"Dardania College\" \/>\n<meta property=\"article:modified_time\" content=\"2021-07-24T15:48:18+00:00\" \/>\n<meta property=\"og:image\" content=\"https:\/\/dardaniacollege.com\/wp-content\/uploads\/2021\/05\/lib3.jpg\" \/>\n<meta name=\"twitter:card\" content=\"summary_large_image\" \/>\n<meta name=\"twitter:label1\" content=\"Est. reading time\" \/>\n\t<meta name=\"twitter:data1\" content=\"3 minuta\" \/>\n<script type=\"application\/ld+json\" class=\"yoast-schema-graph\">{\"@context\":\"https:\/\/schema.org\",\"@graph\":[{\"@type\":\"WebPage\",\"@id\":\"https:\/\/kolegjidardania.com\/studimi\/biblioteka\/\",\"url\":\"https:\/\/kolegjidardania.com\/studimi\/biblioteka\/\",\"name\":\"Library - Dardania College\",\"isPartOf\":{\"@id\":\"http:\/\/kolegjidardania.com\/al\/#website\"},\"datePublished\":\"2021-05-26T15:44:21+00:00\",\"dateModified\":\"2021-07-24T15:48:18+00:00\",\"breadcrumb\":{\"@id\":\"https:\/\/kolegjidardania.com\/studimi\/biblioteka\/#breadcrumb\"},\"inLanguage\":\"sq\",\"potentialAction\":[{\"@type\":\"ReadAction\",\"target\":[\"https:\/\/kolegjidardania.com\/studimi\/biblioteka\/\"]}]},{\"@type\":\"BreadcrumbList\",\"@id\":\"https:\/\/kolegjidardania.com\/studimi\/biblioteka\/#breadcrumb\",\"itemListElement\":[{\"@type\":\"ListItem\",\"position\":1,\"name\":\"Home\",\"item\":\"https:\/\/kolegjidardania.com\/\"},{\"@type\":\"ListItem\",\"position\":2,\"name\":\"Academics\",\"item\":\"https:\/\/kolegjidardania.com\/studimi\/\"},{\"@type\":\"ListItem\",\"position\":3,\"name\":\"Library\"}]},{\"@type\":\"WebSite\",\"@id\":\"http:\/\/kolegjidardania.com\/al\/#website\",\"url\":\"http:\/\/kolegjidardania.com\/al\/\",\"name\":\"Dardania College\",\"description\":\"\",\"publisher\":{\"@id\":\"http:\/\/kolegjidardania.com\/al\/#organization\"},\"potentialAction\":[{\"@type\":\"SearchAction\",\"target\":{\"@type\":\"EntryPoint\",\"urlTemplate\":\"http:\/\/kolegjidardania.com\/al\/?s={search_term_string}\"},\"query-input\":\"required name=search_term_string\"}],\"inLanguage\":\"sq\"},{\"@type\":\"Organization\",\"@id\":\"http:\/\/kolegjidardania.com\/al\/#organization\",\"name\":\"Dardania College\",\"url\":\"http:\/\/kolegjidardania.com\/al\/\",\"logo\":{\"@type\":\"ImageObject\",\"inLanguage\":\"sq\",\"@id\":\"http:\/\/kolegjidardania.com\/al\/#\/schema\/logo\/image\/\",\"url\":\"https:\/\/kolegjidardania.com\/wp-content\/uploads\/2021\/05\/kd_logo.svg\",\"contentUrl\":\"https:\/\/kolegjidardania.com\/wp-content\/uploads\/2021\/05\/kd_logo.svg\",\"width\":250,\"height\":85,\"caption\":\"Dardania College\"},\"image\":{\"@id\":\"http:\/\/kolegjidardania.com\/al\/#\/schema\/logo\/image\/\"}}]}<\/script>\n<!-- \/ Yoast SEO plugin. -->","yoast_head_json":{"title":"Library - Dardania College","robots":{"index":"index","follow":"follow","max-snippet":"max-snippet:-1","max-image-preview":"max-image-preview:large","max-video-preview":"max-video-preview:-1"},"canonical":"https:\/\/kolegjidardania.com\/al\/studimi\/biblioteka\/","og_locale":"sq_AL","og_type":"article","og_title":"Library - Dardania College","og_description":"Dardania College has a physical library which includes the 3rd floor and the 4th floor of our institution, and provides access to its students in electronic library and online journals. The library of Dardania College has its own book stock in Albanian and English language according to the disciplines in the curriculum. In addition, two...","og_url":"https:\/\/kolegjidardania.com\/al\/studimi\/biblioteka\/","og_site_name":"Dardania College","article_modified_time":"2021-07-24T15:48:18+00:00","og_image":[{"url":"https:\/\/dardaniacollege.com\/wp-content\/uploads\/2021\/05\/lib3.jpg"}],"twitter_card":"summary_large_image","twitter_misc":{"Est. reading time":"3 minuta"},"schema":{"@context":"https:\/\/schema.org","@graph":[{"@type":"WebPage","@id":"https:\/\/kolegjidardania.com\/studimi\/biblioteka\/","url":"https:\/\/kolegjidardania.com\/studimi\/biblioteka\/","name":"Library - Dardania College","isPartOf":{"@id":"http:\/\/kolegjidardania.com\/al\/#website"},"datePublished":"2021-05-26T15:44:21+00:00","dateModified":"2021-07-24T15:48:18+00:00","breadcrumb":{"@id":"https:\/\/kolegjidardania.com\/studimi\/biblioteka\/#breadcrumb"},"inLanguage":"sq","potentialAction":[{"@type":"ReadAction","target":["https:\/\/kolegjidardania.com\/studimi\/biblioteka\/"]}]},{"@type":"BreadcrumbList","@id":"https:\/\/kolegjidardania.com\/studimi\/biblioteka\/#breadcrumb","itemListElement":[{"@type":"ListItem","position":1,"name":"Home","item":"https:\/\/kolegjidardania.com\/"},{"@type":"ListItem","position":2,"name":"Academics","item":"https:\/\/kolegjidardania.com\/studimi\/"},{"@type":"ListItem","position":3,"name":"Library"}]},{"@type":"WebSite","@id":"http:\/\/kolegjidardania.com\/al\/#website","url":"http:\/\/kolegjidardania.com\/al\/","name":"Dardania College","description":"","publisher":{"@id":"http:\/\/kolegjidardania.com\/al\/#organization"},"potentialAction":[{"@type":"SearchAction","target":{"@type":"EntryPoint","urlTemplate":"http:\/\/kolegjidardania.com\/al\/?s={search_term_string}"},"query-input":"required name=search_term_string"}],"inLanguage":"sq"},{"@type":"Organization","@id":"http:\/\/kolegjidardania.com\/al\/#organization","name":"Dardania College","url":"http:\/\/kolegjidardania.com\/al\/","logo":{"@type":"ImageObject","inLanguage":"sq","@id":"http:\/\/kolegjidardania.com\/al\/#\/schema\/logo\/image\/","url":"https:\/\/kolegjidardania.com\/wp-content\/uploads\/2021\/05\/kd_logo.svg","contentUrl":"https:\/\/kolegjidardania.com\/wp-content\/uploads\/2021\/05\/kd_logo.svg","width":250,"height":85,"caption":"Dardania College"},"image":{"@id":"http:\/\/kolegjidardania.com\/al\/#\/schema\/logo\/image\/"}}]}},"_links":{"self":[{"href":"https:\/\/kolegjidardania.com\/al\/wp-json\/wp\/v2\/pages\/988265","targetHints":{"allow":["GET"]}}],"collection":[{"href":"https:\/\/kolegjidardania.com\/al\/wp-json\/wp\/v2\/pages"}],"about":[{"href":"https:\/\/kolegjidardania.com\/al\/wp-json\/wp\/v2\/types\/page"}],"author":[{"embeddable":true,"href":"https:\/\/kolegjidardania.com\/al\/wp-json\/wp\/v2\/users\/1"}],"replies":[{"embeddable":true,"href":"https:\/\/kolegjidardania.com\/al\/wp-json\/wp\/v2\/comments?post=988265"}],"version-history":[{"count":0,"href":"https:\/\/kolegjidardania.com\/al\/wp-json\/wp\/v2\/pages\/988265\/revisions"}],"up":[{"embeddable":true,"href":"https:\/\/kolegjidardania.com\/al\/wp-json\/wp\/v2\/pages\/6283"}],"wp:attachment":[{"href":"https:\/\/kolegjidardania.com\/al\/wp-json\/wp\/v2\/media?parent=988265"}],"curies":[{"name":"wp","href":"https:\/\/api.w.org\/{rel}","templated":true}]}}