{"id":988190,"date":"2021-05-26T13:47:09","date_gmt":"2021-05-26T13:47:09","guid":{"rendered":"https:\/\/kolegjidardania.com\/?page_id=988190"},"modified":"2021-07-22T11:48:24","modified_gmt":"2021-07-22T11:48:24","slug":"office-for-public-relations-and-marketing","status":"publish","type":"page","link":"https:\/\/kolegjidardania.com\/al\/per-ne\/zyrat\/zyra-per-marredhenie-me-publikun-dhe-marketing\/","title":{"rendered":"Zyra p\u00ebr Marr\u00ebdh\u00ebnie me Publikun dhe Marketing"},"content":{"rendered":"<div data-elementor-type=\"wp-page\" data-elementor-id=\"988190\" class=\"elementor elementor-988190\">\n\t\t\t\t\t\t\t\t\t<section class=\"elementor-section elementor-top-section elementor-element elementor-element-3c40c12 elementor-section-height-min-height elementor-section-boxed elementor-section-height-default elementor-section-items-middle\" data-id=\"3c40c12\" data-element_type=\"section\" data-settings=\"{&quot;background_background&quot;:&quot;classic&quot;,&quot;animation&quot;:&quot;none&quot;}\">\n\t\t\t\t\t\t<div class=\"elementor-container elementor-column-gap-default\">\n\t\t\t\t\t<div class=\"elementor-column elementor-col-100 elementor-top-column elementor-element elementor-element-1bb13b64\" data-id=\"1bb13b64\" data-element_type=\"column\" data-settings=\"{&quot;background_background&quot;:&quot;classic&quot;}\">\n\t\t\t<div class=\"elementor-widget-wrap\">\n\t\t\t\t\t\t\t\t\t<\/div>\n\t\t<\/div>\n\t\t\t\t\t\t\t<\/div>\n\t\t<\/section>\n\t\t\t\t<section class=\"elementor-section elementor-top-section elementor-element elementor-element-55f925de elementor-section-boxed elementor-section-height-default elementor-section-height-default\" data-id=\"55f925de\" data-element_type=\"section\" data-settings=\"{&quot;animation&quot;:&quot;none&quot;,&quot;animation_tablet&quot;:&quot;none&quot;,&quot;animation_mobile&quot;:&quot;none&quot;}\">\n\t\t\t\t\t\t<div class=\"elementor-container elementor-column-gap-no\">\n\t\t\t\t\t<div class=\"elementor-column elementor-col-50 elementor-top-column elementor-element elementor-element-7fc4130a animated-fast elementor-invisible\" data-id=\"7fc4130a\" data-element_type=\"column\" data-settings=\"{&quot;background_background&quot;:&quot;classic&quot;,&quot;animation&quot;:&quot;fadeIn&quot;,&quot;animation_delay&quot;:100}\">\n\t\t\t<div class=\"elementor-widget-wrap elementor-element-populated\">\n\t\t\t\t\t\t\t\t<div class=\"elementor-element elementor-element-4e7c6acb elementor-widget__width-auto elementor-widget-tablet__width-auto elementor-widget-mobile__width-inherit elementor-widget elementor-widget-heading\" data-id=\"4e7c6acb\" data-element_type=\"widget\" data-settings=\"{&quot;_animation&quot;:&quot;none&quot;,&quot;_animation_delay&quot;:200}\" data-widget_type=\"heading.heading_charityfy\">\n\t\t\t\t<div class=\"elementor-widget-container\">\n\t\t\t<h1 class=\"elementor-heading-title elementor-size-default\">Zyra p\u00ebr Marr\u00ebdh\u00ebnie me Publikun dhe Marketing<\/h1>\t\t<\/div>\n\t\t\t\t<\/div>\n\t\t\t\t<div class=\"elementor-element elementor-element-2a6a52d elementor-widget elementor-widget-text-editor\" data-id=\"2a6a52d\" data-element_type=\"widget\" data-settings=\"{&quot;_animation&quot;:&quot;none&quot;,&quot;_animation_delay&quot;:300}\" data-widget_type=\"text-editor.default\">\n\t\t\t\t<div class=\"elementor-widget-container\">\n\t\t\t\t\t\t\t<p>Q\u00ebllimi dhe funksioni i Zyr\u00ebs p\u00ebr Marr\u00ebdh\u00ebnie me Publikun dhe Marketingu \u00ebsht\u00eb q\u00eb ta b\u00ebj\u00eb misionin e Kolegjit Dardania transparent dhe t\u00eb arritsh\u00ebm p\u00ebr t\u00eb interesuarit, p\u00ebrfshir\u00eb studentet, stafin, t\u00eb diplomuarit dhe t\u00eb tjer\u00ebt.<\/p>\t\t\t\t\t\t<\/div>\n\t\t\t\t<\/div>\n\t\t\t\t\t<\/div>\n\t\t<\/div>\n\t\t\t\t<div class=\"elementor-column elementor-col-50 elementor-top-column elementor-element elementor-element-3b5ab089 elementor-hidden-desktop elementor-hidden-tablet elementor-hidden-phone\" data-id=\"3b5ab089\" data-element_type=\"column\">\n\t\t\t<div class=\"elementor-widget-wrap\">\n\t\t\t\t\t\t\t\t\t<\/div>\n\t\t<\/div>\n\t\t\t\t\t\t\t<\/div>\n\t\t<\/section>\n\t\t\t\t<section class=\"elementor-section elementor-top-section elementor-element elementor-element-5694dfcf elementor-section-boxed elementor-section-height-default elementor-section-height-default\" data-id=\"5694dfcf\" data-element_type=\"section\">\n\t\t\t\t\t\t<div class=\"elementor-container elementor-column-gap-no\">\n\t\t\t\t\t<div class=\"elementor-column elementor-col-66 elementor-top-column elementor-element elementor-element-1af8ae18\" data-id=\"1af8ae18\" data-element_type=\"column\">\n\t\t\t<div class=\"elementor-widget-wrap elementor-element-populated\">\n\t\t\t\t\t\t\t\t<div class=\"elementor-element elementor-element-651d5224 elementor-invisible elementor-widget elementor-widget-text-editor\" data-id=\"651d5224\" data-element_type=\"widget\" data-settings=\"{&quot;_animation&quot;:&quot;fadeInUp&quot;,&quot;_animation_delay&quot;:300,&quot;_animation_tablet&quot;:&quot;none&quot;,&quot;_animation_mobile&quot;:&quot;none&quot;}\" data-widget_type=\"text-editor.default\">\n\t\t\t\t<div class=\"elementor-widget-container\">\n\t\t\t\t\t\t\t<p>P\u00ebrgjegj\u00ebsia jon\u00eb ishte dhe mbetet t\u00eb mbajm\u00eb nj\u00eb imazh t\u00eb mir\u00eb p\u00ebr cil\u00ebsi t\u00eb jasht\u00ebzakonshme p\u00ebr rolin udh\u00ebheq\u00ebs t\u00eb Kolegjit Dardania n\u00eb shoq\u00ebri, p\u00ebr njohuri te avancuara, aftesim praktik dhe p\u00ebr aktivitete t\u00eb tjera t\u00eb dobishme p\u00ebr komunitetet n\u00eb Kosov\u00eb dhe m\u00eb gjer\u00eb.<\/p><p>Vendosm\u00ebria, preokupimi dhe p\u00ebrkushtimi yn\u00eb i vazhduesh\u00ebm \u00ebsht\u00eb t\u00eb ruajm\u00eb dhe avancojm\u00eb reputacionin e fituar me pun\u00eb t\u00eb palodhur dhe p\u00ebrkushtim. Fal\u00eb ketij perkushtimi, ne jemi b\u00ebr\u00eb institucion i besuesh\u00ebm, cil\u00ebsor dhe me integritet t\u00eb jasht\u00ebzakonsh\u00ebm akademik, dhe ne p\u00ebrpiqemi t'ua p\u00ebrcjellim k\u00ebt\u00eb pal\u00ebve tona t\u00eb interesit besnik\u00eb p\u00ebrmes lajmeve dhe informacioneve q\u00eb azhurnojm\u00eb vazhdimisht. Stafi i Kolegjit Dardania \u00ebsht\u00eb gjithmon\u00eb i gatsh\u00ebm t\u00eb ndihmoj\u00eb p\u00ebrmes komunikimit ton\u00eb online.<\/p>\t\t\t\t\t\t<\/div>\n\t\t\t\t<\/div>\n\t\t\t\t\t<\/div>\n\t\t<\/div>\n\t\t\t\t<div class=\"elementor-column elementor-col-33 elementor-top-column elementor-element elementor-element-7761e2b3\" data-id=\"7761e2b3\" data-element_type=\"column\">\n\t\t\t<div class=\"elementor-widget-wrap elementor-element-populated\">\n\t\t\t\t\t\t\t\t<section class=\"elementor-section elementor-inner-section elementor-element elementor-element-12b9db95 elementor-section-full_width elementor-section-height-default elementor-section-height-default\" data-id=\"12b9db95\" data-element_type=\"section\" data-settings=\"{&quot;background_background&quot;:&quot;classic&quot;}\">\n\t\t\t\t\t\t<div class=\"elementor-container elementor-column-gap-no\">\n\t\t\t\t\t<div class=\"elementor-column elementor-col-100 elementor-inner-column elementor-element elementor-element-96db41f\" data-id=\"96db41f\" data-element_type=\"column\" data-settings=\"{&quot;background_background&quot;:&quot;classic&quot;}\">\n\t\t\t<div class=\"elementor-widget-wrap elementor-element-populated\">\n\t\t\t\t\t\t\t\t<div class=\"elementor-element elementor-element-58c16342 elementor-widget elementor-widget-heading\" data-id=\"58c16342\" data-element_type=\"widget\" data-widget_type=\"heading.default\">\n\t\t\t\t<div class=\"elementor-widget-container\">\n\t\t\t<h6 class=\"elementor-heading-title elementor-size-default\">ZYRAT<\/h6>\t\t<\/div>\n\t\t\t\t<\/div>\n\t\t\t\t<div class=\"elementor-element elementor-element-1ba48d30 elementor-widget elementor-widget-heading\" data-id=\"1ba48d30\" data-element_type=\"widget\" data-widget_type=\"heading.default\">\n\t\t\t\t<div class=\"elementor-widget-container\">\n\t\t\t<h6 class=\"elementor-heading-title elementor-size-default\"><a href=\"\/al\/quality-assurance-office\/\">Zyra p\u00ebr Sigurimin e Cil\u00ebsis\u00eb<\/a><\/h6>\t\t<\/div>\n\t\t\t\t<\/div>\n\t\t\t\t<div class=\"elementor-element elementor-element-55e5fe6 elementor-widget elementor-widget-heading\" data-id=\"55e5fe6\" data-element_type=\"widget\" data-widget_type=\"heading.default\">\n\t\t\t\t<div class=\"elementor-widget-container\">\n\t\t\t<h6 class=\"elementor-heading-title elementor-size-default\"><a href=\"\/al\/human-resources-office\/\">Zyra p\u00ebr Burimet Njer\u00ebzore<\/a><\/h6>\t\t<\/div>\n\t\t\t\t<\/div>\n\t\t\t\t<div class=\"elementor-element elementor-element-259824e1 elementor-widget elementor-widget-heading\" data-id=\"259824e1\" data-element_type=\"widget\" data-widget_type=\"heading.default\">\n\t\t\t\t<div class=\"elementor-widget-container\">\n\t\t\t<h6 class=\"elementor-heading-title elementor-size-default\"><a href=\"\/al\/office-of-international-relations\/\">Zyra p\u00ebr Marr\u00ebdh\u00ebniet Nd\u00ebrkomb\u00ebtare<\/a><\/h6>\t\t<\/div>\n\t\t\t\t<\/div>\n\t\t\t\t<div class=\"elementor-element elementor-element-2a823c44 elementor-widget elementor-widget-heading\" data-id=\"2a823c44\" data-element_type=\"widget\" data-widget_type=\"heading.default\">\n\t\t\t\t<div class=\"elementor-widget-container\">\n\t\t\t<h6 class=\"elementor-heading-title elementor-size-default\"><a href=\"\/al\/office-for-public-relations-and-marketing\/\">Zyra p\u00ebr Marr\u00ebdh\u00ebnie me Publikun &amp; Marketing <\/a><\/h6>\t\t<\/div>\n\t\t\t\t<\/div>\n\t\t\t\t<div class=\"elementor-element elementor-element-3ec149f4 elementor-widget elementor-widget-heading\" data-id=\"3ec149f4\" data-element_type=\"widget\" data-widget_type=\"heading.default\">\n\t\t\t\t<div class=\"elementor-widget-container\">\n\t\t\t<h6 class=\"elementor-heading-title elementor-size-default\"><a href=\"\/al\/administration-office\/\">Zyra e Sh\u00ebrbimeve Administrative<\/a><\/h6>\t\t<\/div>\n\t\t\t\t<\/div>\n\t\t\t\t\t<\/div>\n\t\t<\/div>\n\t\t\t\t\t\t\t<\/div>\n\t\t<\/section>\n\t\t\t\t<section class=\"elementor-section elementor-inner-section elementor-element elementor-element-3c6012a9 elementor-section-full_width elementor-section-height-default elementor-section-height-default\" data-id=\"3c6012a9\" data-element_type=\"section\" data-settings=\"{&quot;background_background&quot;:&quot;classic&quot;}\">\n\t\t\t\t\t\t<div class=\"elementor-container elementor-column-gap-no\">\n\t\t\t\t\t<div class=\"elementor-column elementor-col-100 elementor-inner-column elementor-element elementor-element-54b7f6a2\" data-id=\"54b7f6a2\" data-element_type=\"column\">\n\t\t\t<div class=\"elementor-widget-wrap elementor-element-populated\">\n\t\t\t\t\t\t\t\t<div class=\"elementor-element elementor-element-5a1d17d7 elementor-widget elementor-widget-heading\" data-id=\"5a1d17d7\" data-element_type=\"widget\" data-widget_type=\"heading.default\">\n\t\t\t\t<div class=\"elementor-widget-container\">\n\t\t\t<h2 class=\"elementor-heading-title elementor-size-default\">Kontakt<\/h2>\t\t<\/div>\n\t\t\t\t<\/div>\n\t\t\t\t<div class=\"elementor-element elementor-element-40a92f90 elementor-widget elementor-widget-text-editor\" data-id=\"40a92f90\" data-element_type=\"widget\" data-widget_type=\"text-editor.default\">\n\t\t\t\t<div class=\"elementor-widget-container\">\n\t\t\t\t\t\t\t<p>Rr. Ibrahim Lutfiu nr. 93, <br \/>10000, Prishtina, <br \/>Kosovo<\/p>\t\t\t\t\t\t<\/div>\n\t\t\t\t<\/div>\n\t\t\t\t<div class=\"elementor-element elementor-element-5e8d3b85 elementor-tablet-align-left elementor-icon-list--layout-traditional elementor-list-item-link-full_width elementor-widget elementor-widget-icon-list\" data-id=\"5e8d3b85\" data-element_type=\"widget\" data-widget_type=\"icon-list.default\">\n\t\t\t\t<div class=\"elementor-widget-container\">\n\t\t\t\t\t<ul class=\"elementor-icon-list-items\">\n\t\t\t\t\t\t\t<li class=\"elementor-icon-list-item\">\n\t\t\t\t\t\t\t\t\t\t\t<a href=\"tel:  38344636359\">\n\n\t\t\t\t\t\t\t\t\t\t\t\t<span class=\"elementor-icon-list-icon\">\n\t\t\t\t\t\t\t<i aria-hidden=\"true\" class=\"fas fa-phone-alt\"><\/i>\t\t\t\t\t\t<\/span>\n\t\t\t\t\t\t\t\t\t\t<span class=\"elementor-icon-list-text\">+383 44 63 63 59<\/span>\n\t\t\t\t\t\t\t\t\t\t\t<\/a>\n\t\t\t\t\t\t\t\t\t<\/li>\n\t\t\t\t\t\t\t\t<li class=\"elementor-icon-list-item\">\n\t\t\t\t\t\t\t\t\t\t\t<a href=\"tel:  38344249100\">\n\n\t\t\t\t\t\t\t\t\t\t\t\t<span class=\"elementor-icon-list-icon\">\n\t\t\t\t\t\t\t<i aria-hidden=\"true\" class=\"fas fa-phone-alt\"><\/i>\t\t\t\t\t\t<\/span>\n\t\t\t\t\t\t\t\t\t\t<span class=\"elementor-icon-list-text\">+383 44 24 91 00<\/span>\n\t\t\t\t\t\t\t\t\t\t\t<\/a>\n\t\t\t\t\t\t\t\t\t<\/li>\n\t\t\t\t\t\t\t\t<li class=\"elementor-icon-list-item\">\n\t\t\t\t\t\t\t\t\t\t\t<a href=\"mailto:info@kolegjidardania.com\">\n\n\t\t\t\t\t\t\t\t\t\t\t\t<span class=\"elementor-icon-list-icon\">\n\t\t\t\t\t\t\t<i aria-hidden=\"true\" class=\"fas fa-paper-plane\"><\/i>\t\t\t\t\t\t<\/span>\n\t\t\t\t\t\t\t\t\t\t<span class=\"elementor-icon-list-text\">info@kolegjidardania.com<\/span>\n\t\t\t\t\t\t\t\t\t\t\t<\/a>\n\t\t\t\t\t\t\t\t\t<\/li>\n\t\t\t\t\t\t<\/ul>\n\t\t\t\t<\/div>\n\t\t\t\t<\/div>\n\t\t\t\t\t<\/div>\n\t\t<\/div>\n\t\t\t\t\t\t\t<\/div>\n\t\t<\/section>\n\t\t\t\t\t<\/div>\n\t\t<\/div>\n\t\t\t\t\t\t\t<\/div>\n\t\t<\/section>\n\t\t\t\t<section class=\"elementor-section elementor-top-section elementor-element elementor-element-e7f3034 elementor-section-boxed elementor-section-height-default elementor-section-height-default\" data-id=\"e7f3034\" data-element_type=\"section\">\n\t\t\t\t\t\t<div class=\"elementor-container elementor-column-gap-default\">\n\t\t\t\t\t<div class=\"elementor-column elementor-col-100 elementor-top-column elementor-element elementor-element-ac98bc0\" data-id=\"ac98bc0\" data-element_type=\"column\">\n\t\t\t<div class=\"elementor-widget-wrap elementor-element-populated\">\n\t\t\t\t\t\t\t\t<div class=\"elementor-element elementor-element-5dd1802 elementor-widget__width-auto animated-fast elementor-invisible elementor-widget elementor-widget-heading\" data-id=\"5dd1802\" data-element_type=\"widget\" data-settings=\"{&quot;_animation&quot;:&quot;fadeInUp&quot;,&quot;_animation_delay&quot;:400,&quot;_animation_tablet&quot;:&quot;none&quot;,&quot;_animation_mobile&quot;:&quot;none&quot;}\" data-widget_type=\"heading.default\">\n\t\t\t\t<div class=\"elementor-widget-container\">\n\t\t\t<h1 class=\"elementor-heading-title elementor-size-default\">APLIKO<\/h1>\t\t<\/div>\n\t\t\t\t<\/div>\n\t\t\t\t\t<\/div>\n\t\t<\/div>\n\t\t\t\t\t\t\t<\/div>\n\t\t<\/section>\n\t\t\t\t<section class=\"elementor-section elementor-top-section elementor-element elementor-element-b1d1078 elementor-section-boxed elementor-section-height-default elementor-section-height-default\" data-id=\"b1d1078\" data-element_type=\"section\" data-settings=\"{&quot;background_background&quot;:&quot;classic&quot;}\">\n\t\t\t\t\t\t<div class=\"elementor-container elementor-column-gap-default\">\n\t\t\t\t\t<div class=\"elementor-column elementor-col-100 elementor-top-column elementor-element elementor-element-de88ba8\" data-id=\"de88ba8\" data-element_type=\"column\">\n\t\t\t<div class=\"elementor-widget-wrap elementor-element-populated\">\n\t\t\t\t\t\t\t\t<div class=\"elementor-element elementor-element-7484b63 elementor-widget elementor-widget-heading\" data-id=\"7484b63\" data-element_type=\"widget\" data-widget_type=\"heading.default\">\n\t\t\t\t<div class=\"elementor-widget-container\">\n\t\t\t<h5 class=\"elementor-heading-title elementor-size-default\">A jeni t\u00eb gatsh\u00ebm t\u00eb vazhdoni me hapin tjet\u00ebr drejt karrier\u00ebs suaj t\u00eb ardhshme?<\/h5>\t\t<\/div>\n\t\t\t\t<\/div>\n\t\t\t\t<div class=\"elementor-element elementor-element-38cfb78 elementor-align-center elementor-mobile-align-left elementor-widget elementor-widget-button\" data-id=\"38cfb78\" data-element_type=\"widget\" data-widget_type=\"button.default\">\n\t\t\t\t<div class=\"elementor-widget-container\">\n\t\t\t\t\t<div class=\"elementor-button-wrapper\">\n\t\t\t<a class=\"elementor-button elementor-button-link elementor-size-sm\" href=\"https:\/\/kolegjidardania.com\/al\/apliko\/\">\n\t\t\t\t\t\t<span class=\"elementor-button-content-wrapper\">\n\t\t\t\t\t\t<span class=\"elementor-button-icon elementor-align-icon-right\">\n\t\t\t\t<i aria-hidden=\"true\" class=\"vamtamtheme- vamtam-theme-arrow-right\"><\/i>\t\t\t<\/span>\n\t\t\t\t\t\t<span class=\"elementor-button-text\">FORMA P\u00cbR APLIKIM<\/span>\n\t\t<\/span>\n\t\t\t\t\t<\/a>\n\t\t<\/div>\n\t\t\t\t<\/div>\n\t\t\t\t<\/div>\n\t\t\t\t<div class=\"elementor-element elementor-element-d76c452 elementor-align-right elementor-widget__width-auto elementor-widget elementor-widget-button\" data-id=\"d76c452\" data-element_type=\"widget\" data-widget_type=\"button.default\">\n\t\t\t\t<div class=\"elementor-widget-container\">\n\t\t\t\t\t<div class=\"elementor-button-wrapper\">\n\t\t\t<a class=\"elementor-button elementor-button-link elementor-size-sm\" href=\"https:\/\/kolegjidardania.com\/al\/kerko-informacion\/\">\n\t\t\t\t\t\t<span class=\"elementor-button-content-wrapper\">\n\t\t\t\t\t\t<span class=\"elementor-button-text\">Info Shtes\u00eb<\/span>\n\t\t<\/span>\n\t\t\t\t\t<\/a>\n\t\t<\/div>\n\t\t\t\t<\/div>\n\t\t\t\t<\/div>\n\t\t\t\t<div class=\"elementor-element elementor-element-6f55291 elementor-align-left elementor-widget__width-auto elementor-widget elementor-widget-button\" data-id=\"6f55291\" data-element_type=\"widget\" data-widget_type=\"button.default\">\n\t\t\t\t<div class=\"elementor-widget-container\">\n\t\t\t\t\t<div class=\"elementor-button-wrapper\">\n\t\t\t<a class=\"elementor-button elementor-button-link elementor-size-sm\" href=\"https:\/\/kolegjidardania.com\/al\/planifikoni-nje-vizite\/\">\n\t\t\t\t\t\t<span class=\"elementor-button-content-wrapper\">\n\t\t\t\t\t\t<span class=\"elementor-button-text\">Na Vizitoni<\/span>\n\t\t<\/span>\n\t\t\t\t\t<\/a>\n\t\t<\/div>\n\t\t\t\t<\/div>\n\t\t\t\t<\/div>\n\t\t\t\t\t<\/div>\n\t\t<\/div>\n\t\t\t\t\t\t\t<\/div>\n\t\t<\/section>\n\t\t\t\t\t\t\t<\/div>","protected":false},"excerpt":{"rendered":"<p>Office for Public Relations and Marketing The purpose and function of the Office for Public Relations and Marketing is to make the mission of Dardania College transparent and accessible to stakeholders, including students, staff, graduates and others. Our responsibility was and remains to maintain a good image of exceptional quality for the leadership role of&#8230;<\/p>","protected":false},"author":1,"featured_media":0,"parent":988179,"menu_order":3,"comment_status":"closed","ping_status":"closed","template":"","meta":{"inline_featured_image":false,"footnotes":""},"class_list":["post-988190","page","type-page","status-publish","hentry"],"yoast_head":"<!-- This site is optimized with the Yoast SEO plugin v20.0 - https:\/\/yoast.com\/wordpress\/plugins\/seo\/ -->\n<title>Office for Public Relations and Marketing - Dardania College<\/title>\n<meta name=\"robots\" content=\"index, follow, max-snippet:-1, max-image-preview:large, max-video-preview:-1\" \/>\n<link rel=\"canonical\" href=\"https:\/\/kolegjidardania.com\/al\/per-ne\/zyrat\/zyra-per-marredhenie-me-publikun-dhe-marketing\/\" \/>\n<meta property=\"og:locale\" content=\"sq_AL\" \/>\n<meta property=\"og:type\" content=\"article\" \/>\n<meta property=\"og:title\" content=\"Office for Public Relations and Marketing - Dardania College\" \/>\n<meta property=\"og:description\" content=\"Office for Public Relations and Marketing The purpose and function of the Office for Public Relations and Marketing is to make the mission of Dardania College transparent and accessible to stakeholders, including students, staff, graduates and others. Our responsibility was and remains to maintain a good image of exceptional quality for the leadership role of...\" \/>\n<meta property=\"og:url\" content=\"https:\/\/kolegjidardania.com\/al\/per-ne\/zyrat\/zyra-per-marredhenie-me-publikun-dhe-marketing\/\" \/>\n<meta property=\"og:site_name\" content=\"Dardania College\" \/>\n<meta property=\"article:modified_time\" content=\"2021-07-22T11:48:24+00:00\" \/>\n<meta name=\"twitter:card\" content=\"summary_large_image\" \/>\n<meta name=\"twitter:label1\" content=\"Est. reading time\" \/>\n\t<meta name=\"twitter:data1\" content=\"1 minut\u00eb\" \/>\n<script type=\"application\/ld+json\" class=\"yoast-schema-graph\">{\"@context\":\"https:\/\/schema.org\",\"@graph\":[{\"@type\":\"WebPage\",\"@id\":\"https:\/\/kolegjidardania.com\/al\/per-ne\/zyrat\/zyra-per-marredhenie-me-publikun-dhe-marketing\/\",\"url\":\"https:\/\/kolegjidardania.com\/al\/per-ne\/zyrat\/zyra-per-marredhenie-me-publikun-dhe-marketing\/\",\"name\":\"Office for Public Relations and Marketing - Dardania College\",\"isPartOf\":{\"@id\":\"http:\/\/kolegjidardania.com\/al\/#website\"},\"datePublished\":\"2021-05-26T13:47:09+00:00\",\"dateModified\":\"2021-07-22T11:48:24+00:00\",\"breadcrumb\":{\"@id\":\"https:\/\/kolegjidardania.com\/al\/per-ne\/zyrat\/zyra-per-marredhenie-me-publikun-dhe-marketing\/#breadcrumb\"},\"inLanguage\":\"sq\",\"potentialAction\":[{\"@type\":\"ReadAction\",\"target\":[\"https:\/\/kolegjidardania.com\/al\/per-ne\/zyrat\/zyra-per-marredhenie-me-publikun-dhe-marketing\/\"]}]},{\"@type\":\"BreadcrumbList\",\"@id\":\"https:\/\/kolegjidardania.com\/al\/per-ne\/zyrat\/zyra-per-marredhenie-me-publikun-dhe-marketing\/#breadcrumb\",\"itemListElement\":[{\"@type\":\"ListItem\",\"position\":1,\"name\":\"Home\",\"item\":\"https:\/\/kolegjidardania.com\/\"},{\"@type\":\"ListItem\",\"position\":2,\"name\":\"About\",\"item\":\"https:\/\/kolegjidardania.com\/al\/per-ne\/\"},{\"@type\":\"ListItem\",\"position\":3,\"name\":\"Offices\",\"item\":\"https:\/\/kolegjidardania.com\/al\/per-ne\/zyrat\/\"},{\"@type\":\"ListItem\",\"position\":4,\"name\":\"Office for Public Relations and Marketing\"}]},{\"@type\":\"WebSite\",\"@id\":\"http:\/\/kolegjidardania.com\/al\/#website\",\"url\":\"http:\/\/kolegjidardania.com\/al\/\",\"name\":\"Dardania College\",\"description\":\"\",\"publisher\":{\"@id\":\"http:\/\/kolegjidardania.com\/al\/#organization\"},\"potentialAction\":[{\"@type\":\"SearchAction\",\"target\":{\"@type\":\"EntryPoint\",\"urlTemplate\":\"http:\/\/kolegjidardania.com\/al\/?s={search_term_string}\"},\"query-input\":\"required name=search_term_string\"}],\"inLanguage\":\"sq\"},{\"@type\":\"Organization\",\"@id\":\"http:\/\/kolegjidardania.com\/al\/#organization\",\"name\":\"Dardania College\",\"url\":\"http:\/\/kolegjidardania.com\/al\/\",\"logo\":{\"@type\":\"ImageObject\",\"inLanguage\":\"sq\",\"@id\":\"http:\/\/kolegjidardania.com\/al\/#\/schema\/logo\/image\/\",\"url\":\"https:\/\/kolegjidardania.com\/wp-content\/uploads\/2021\/05\/kd_logo.svg\",\"contentUrl\":\"https:\/\/kolegjidardania.com\/wp-content\/uploads\/2021\/05\/kd_logo.svg\",\"width\":250,\"height\":85,\"caption\":\"Dardania College\"},\"image\":{\"@id\":\"http:\/\/kolegjidardania.com\/al\/#\/schema\/logo\/image\/\"}}]}<\/script>\n<!-- \/ Yoast SEO plugin. -->","yoast_head_json":{"title":"Office for Public Relations and Marketing - Dardania College","robots":{"index":"index","follow":"follow","max-snippet":"max-snippet:-1","max-image-preview":"max-image-preview:large","max-video-preview":"max-video-preview:-1"},"canonical":"https:\/\/kolegjidardania.com\/al\/per-ne\/zyrat\/zyra-per-marredhenie-me-publikun-dhe-marketing\/","og_locale":"sq_AL","og_type":"article","og_title":"Office for Public Relations and Marketing - Dardania College","og_description":"Office for Public Relations and Marketing The purpose and function of the Office for Public Relations and Marketing is to make the mission of Dardania College transparent and accessible to stakeholders, including students, staff, graduates and others. Our responsibility was and remains to maintain a good image of exceptional quality for the leadership role of...","og_url":"https:\/\/kolegjidardania.com\/al\/per-ne\/zyrat\/zyra-per-marredhenie-me-publikun-dhe-marketing\/","og_site_name":"Dardania College","article_modified_time":"2021-07-22T11:48:24+00:00","twitter_card":"summary_large_image","twitter_misc":{"Est. reading time":"1 minut\u00eb"},"schema":{"@context":"https:\/\/schema.org","@graph":[{"@type":"WebPage","@id":"https:\/\/kolegjidardania.com\/al\/per-ne\/zyrat\/zyra-per-marredhenie-me-publikun-dhe-marketing\/","url":"https:\/\/kolegjidardania.com\/al\/per-ne\/zyrat\/zyra-per-marredhenie-me-publikun-dhe-marketing\/","name":"Office for Public Relations and Marketing - Dardania College","isPartOf":{"@id":"http:\/\/kolegjidardania.com\/al\/#website"},"datePublished":"2021-05-26T13:47:09+00:00","dateModified":"2021-07-22T11:48:24+00:00","breadcrumb":{"@id":"https:\/\/kolegjidardania.com\/al\/per-ne\/zyrat\/zyra-per-marredhenie-me-publikun-dhe-marketing\/#breadcrumb"},"inLanguage":"sq","potentialAction":[{"@type":"ReadAction","target":["https:\/\/kolegjidardania.com\/al\/per-ne\/zyrat\/zyra-per-marredhenie-me-publikun-dhe-marketing\/"]}]},{"@type":"BreadcrumbList","@id":"https:\/\/kolegjidardania.com\/al\/per-ne\/zyrat\/zyra-per-marredhenie-me-publikun-dhe-marketing\/#breadcrumb","itemListElement":[{"@type":"ListItem","position":1,"name":"Home","item":"https:\/\/kolegjidardania.com\/"},{"@type":"ListItem","position":2,"name":"About","item":"https:\/\/kolegjidardania.com\/al\/per-ne\/"},{"@type":"ListItem","position":3,"name":"Offices","item":"https:\/\/kolegjidardania.com\/al\/per-ne\/zyrat\/"},{"@type":"ListItem","position":4,"name":"Office for Public Relations and Marketing"}]},{"@type":"WebSite","@id":"http:\/\/kolegjidardania.com\/al\/#website","url":"http:\/\/kolegjidardania.com\/al\/","name":"Dardania College","description":"","publisher":{"@id":"http:\/\/kolegjidardania.com\/al\/#organization"},"potentialAction":[{"@type":"SearchAction","target":{"@type":"EntryPoint","urlTemplate":"http:\/\/kolegjidardania.com\/al\/?s={search_term_string}"},"query-input":"required name=search_term_string"}],"inLanguage":"sq"},{"@type":"Organization","@id":"http:\/\/kolegjidardania.com\/al\/#organization","name":"Dardania College","url":"http:\/\/kolegjidardania.com\/al\/","logo":{"@type":"ImageObject","inLanguage":"sq","@id":"http:\/\/kolegjidardania.com\/al\/#\/schema\/logo\/image\/","url":"https:\/\/kolegjidardania.com\/wp-content\/uploads\/2021\/05\/kd_logo.svg","contentUrl":"https:\/\/kolegjidardania.com\/wp-content\/uploads\/2021\/05\/kd_logo.svg","width":250,"height":85,"caption":"Dardania College"},"image":{"@id":"http:\/\/kolegjidardania.com\/al\/#\/schema\/logo\/image\/"}}]}},"_links":{"self":[{"href":"https:\/\/kolegjidardania.com\/al\/wp-json\/wp\/v2\/pages\/988190","targetHints":{"allow":["GET"]}}],"collection":[{"href":"https:\/\/kolegjidardania.com\/al\/wp-json\/wp\/v2\/pages"}],"about":[{"href":"https:\/\/kolegjidardania.com\/al\/wp-json\/wp\/v2\/types\/page"}],"author":[{"embeddable":true,"href":"https:\/\/kolegjidardania.com\/al\/wp-json\/wp\/v2\/users\/1"}],"replies":[{"embeddable":true,"href":"https:\/\/kolegjidardania.com\/al\/wp-json\/wp\/v2\/comments?post=988190"}],"version-history":[{"count":0,"href":"https:\/\/kolegjidardania.com\/al\/wp-json\/wp\/v2\/pages\/988190\/revisions"}],"up":[{"embeddable":true,"href":"https:\/\/kolegjidardania.com\/al\/wp-json\/wp\/v2\/pages\/988179"}],"wp:attachment":[{"href":"https:\/\/kolegjidardania.com\/al\/wp-json\/wp\/v2\/media?parent=988190"}],"curies":[{"name":"wp","href":"https:\/\/api.w.org\/{rel}","templated":true}]}}