{"id":20607,"date":"2021-01-30T11:33:45","date_gmt":"2021-01-30T11:33:45","guid":{"rendered":"https:\/\/estudiar.vamtam.com\/?page_id=20607"},"modified":"2021-07-01T16:45:50","modified_gmt":"2021-07-01T16:45:50","slug":"faq","status":"publish","type":"page","link":"https:\/\/kolegjidardania.com\/al\/faq\/","title":{"rendered":"Pyetjet e shpeshta"},"content":{"rendered":"<div data-elementor-type=\"wp-page\" data-elementor-id=\"20607\" class=\"elementor elementor-20607\">\n\t\t\t\t\t\t\t\t\t<section class=\"elementor-section elementor-top-section elementor-element elementor-element-d9320c7 elementor-section-boxed elementor-section-height-default elementor-section-height-default\" data-id=\"d9320c7\" data-element_type=\"section\">\n\t\t\t\t\t\t<div class=\"elementor-container elementor-column-gap-no\">\n\t\t\t\t\t<div class=\"elementor-column elementor-col-100 elementor-top-column elementor-element elementor-element-2863d9f\" data-id=\"2863d9f\" data-element_type=\"column\">\n\t\t\t<div class=\"elementor-widget-wrap elementor-element-populated\">\n\t\t\t\t\t\t\t\t<div class=\"elementor-element elementor-element-9377592 elementor-widget elementor-widget-heading\" data-id=\"9377592\" data-element_type=\"widget\" data-widget_type=\"heading.default\">\n\t\t\t\t<div class=\"elementor-widget-container\">\n\t\t\t<h1 class=\"elementor-heading-title elementor-size-default\">Pyetjet e shpeshta<\/h1>\t\t<\/div>\n\t\t\t\t<\/div>\n\t\t\t\t\t<\/div>\n\t\t<\/div>\n\t\t\t\t\t\t\t<\/div>\n\t\t<\/section>\n\t\t\t\t<section class=\"elementor-section elementor-top-section elementor-element elementor-element-b62db08 elementor-section-boxed elementor-section-height-default elementor-section-height-default\" data-id=\"b62db08\" data-element_type=\"section\">\n\t\t\t\t\t\t<div class=\"elementor-container elementor-column-gap-default\">\n\t\t\t\t\t<div class=\"elementor-column elementor-col-100 elementor-top-column elementor-element elementor-element-b86440d\" data-id=\"b86440d\" data-element_type=\"column\">\n\t\t\t<div class=\"elementor-widget-wrap elementor-element-populated\">\n\t\t\t\t\t\t\t\t<div class=\"elementor-element elementor-element-0bd5ce6 elementor-widget elementor-widget-toggle\" data-id=\"0bd5ce6\" data-element_type=\"widget\" data-widget_type=\"toggle.default\">\n\t\t\t\t<div class=\"elementor-widget-container\">\n\t\t\t\t\t<div class=\"elementor-toggle\">\n\t\t\t\t\t\t\t<div class=\"elementor-toggle-item\">\n\t\t\t\t\t<h3 id=\"elementor-tab-title-1241\" class=\"elementor-tab-title\" data-tab=\"1\" role=\"button\" aria-controls=\"elementor-tab-content-1241\" aria-expanded=\"false\">\n\t\t\t\t\t\t\t\t\t\t\t\t<span class=\"elementor-toggle-icon elementor-toggle-icon-right\" aria-hidden=\"true\">\n\t\t\t\t\t\t\t\t\t\t\t\t\t\t\t<span class=\"elementor-toggle-icon-closed\"><i class=\"vamtamtheme- vamtam-theme-arrow-down\"><\/i><\/span>\n\t\t\t\t\t\t\t\t<span class=\"elementor-toggle-icon-opened\"><i class=\"elementor-toggle-icon-opened vamtamtheme- vamtam-theme-arrow-up\"><\/i><\/span>\n\t\t\t\t\t\t\t\t\t\t\t\t\t<\/span>\n\t\t\t\t\t\t\t\t\t\t\t\t<a class=\"elementor-toggle-title\" tabindex=\"0\">Si t\u00eb aplikoj?<\/a>\n\t\t\t\t\t<\/h3>\n\n\t\t\t\t\t<div id=\"elementor-tab-content-1241\" class=\"elementor-tab-content elementor-clearfix\" data-tab=\"1\" role=\"region\" aria-labelledby=\"elementor-tab-title-1241\"><p>Procesi i aplikimit \u00ebsht\u00eb shum\u00eb i leht\u00eb:<br \/><br \/><strong>1. Plot\u00ebsoni Formularin e Aplikimit<br \/><\/strong>Na tregoni pak p\u00ebr veten tuaj dhe ne do t'ju ndihmojm\u00eb p\u00ebr pjes\u00ebn tjet\u00ebr. Formulari yn\u00eb i p\u00ebrshtatsh\u00ebm i aplikimit k\u00ebrkon vet\u00ebm 10 minuta nga koha e juaj p\u00ebr t'a plot\u00ebsuar.<br \/><br \/><strong>2. Konfirmimi i Aplikimit<\/strong><br \/>Pasi t\u00eb dor\u00ebzoni aplikimin tuaj, ju do t\u00eb kontaktoheni nga Zyra p\u00ebr Regjistrim p\u00ebr t'ju ndihmuar drejt p\u00ebrfundimit t\u00eb procesit t\u00eb regjistrimit.<\/p><p><strong>3. Rishikimi i Aplikacionit<\/strong><br \/>Pasi t\u00eb kontaktoheni nga ne, ju duhet q\u00eb t\u00eb ndiqni rekomandimet e dh\u00ebna p\u00ebr kompletim t\u00eb dokumentacionit t\u00eb nevojsh\u00ebm p\u00ebr regjistrim.<br \/><br \/>Gjeni formularin e aplikimit\u00a0<span style=\"text-decoration: underline;\"><a href=\"https:\/\/kolegjidardania.com\/al\/apliko\/\">n\u00eb k\u00ebt\u00eb link.<\/a><\/span>.\u00a0<\/p><\/div>\n\t\t\t\t<\/div>\n\t\t\t\t\t\t\t<div class=\"elementor-toggle-item\">\n\t\t\t\t\t<h3 id=\"elementor-tab-title-1242\" class=\"elementor-tab-title\" data-tab=\"2\" role=\"button\" aria-controls=\"elementor-tab-content-1242\" aria-expanded=\"false\">\n\t\t\t\t\t\t\t\t\t\t\t\t<span class=\"elementor-toggle-icon elementor-toggle-icon-right\" aria-hidden=\"true\">\n\t\t\t\t\t\t\t\t\t\t\t\t\t\t\t<span class=\"elementor-toggle-icon-closed\"><i class=\"vamtamtheme- vamtam-theme-arrow-down\"><\/i><\/span>\n\t\t\t\t\t\t\t\t<span class=\"elementor-toggle-icon-opened\"><i class=\"elementor-toggle-icon-opened vamtamtheme- vamtam-theme-arrow-up\"><\/i><\/span>\n\t\t\t\t\t\t\t\t\t\t\t\t\t<\/span>\n\t\t\t\t\t\t\t\t\t\t\t\t<a class=\"elementor-toggle-title\" tabindex=\"0\">Cilat jan\u00eb shpenzimet e studimeve?<\/a>\n\t\t\t\t\t<\/h3>\n\n\t\t\t\t\t<div id=\"elementor-tab-content-1242\" class=\"elementor-tab-content elementor-clearfix\" data-tab=\"2\" role=\"region\" aria-labelledby=\"elementor-tab-title-1242\"><p>N\u00eb kuad\u00ebr t\u00eb Kolegjit Dardania ekziston edhe Zyra p\u00ebr Sh\u00ebrbime Financiare e cila ndihmon student\u00ebt n\u00eb informimin p\u00ebr p\u00ebrmbushjen e detyrimeve t\u00eb tyre. Zyra p\u00ebr Sh\u00ebrbime Financiare gjithashtu u mund\u00ebson student\u00ebve t\u00eb kryejn\u00eb obligimet e tyre financiare t\u00eb studimeve p\u00ebrmes k\u00ebsteve mujore ose p\u00ebrmes kreditimit bankar p\u00ebr studime. P\u00ebrmes qasjes online n\u00eb sistemin DMIS, secili student do t\u00eb ket\u00eb mund\u00ebsi q\u00eb t\u00eb ket\u00eb qasje n\u00eb pasqyr\u00ebn financiare personale rreth pagesave t\u00eb veta t\u00eb studimeve.<\/p><p>Kolegji Dardania gjat\u00eb \u00e7do viti akademik ofron bursa p\u00ebr student\u00eb t\u00eb shk\u00eblqyesh\u00ebm, bursa p\u00ebr raste sociale, bursa p\u00ebr familjar\u00ebt e student\u00ebve tan\u00eb, si dhe bursa p\u00ebr student\u00ebt q\u00eb regjistrohen n\u00eb grupe. P\u00ebr m\u00eb shum\u00eb informacione n\u00eb lidhje me bursat p\u00ebr studime dhe aplikimin, ju lutemi referojuni faqes s\u00eb bursave duke klikuar <a href=\"https:\/\/kolegjidardania.com\/al\/academics\/scholarships\/\"><strong>k\u00ebtu<\/strong><\/a><\/p><p><strong>Shpenzimet rreth Studimit<br \/><\/strong>Tarifat e studimit varen nga niveli i studimeve (bachelor apo master) dhe nga programi i studimit. P\u00ebr informacione m\u00eb t\u00eb detajuara, referojuni Zyr\u00ebs p\u00ebr Regjistrim dhe Transferim t\u00eb Studimeve.\u00a0<\/p><p><strong>Shpenzimet e Jetes\u00ebs<\/strong><br \/>P\u00ebr student\u00ebt q\u00eb planifikojn\u00eb t\u00eb l\u00ebvizin n\u00eb Prishtin\u00eb gjat\u00eb studimeve t\u00eb tyre, ata rekomandohen q\u00eb t\u00eb planifikojn\u00eb m\u00eb s\u00eb miri nj\u00eb buxhet q\u00eb mund t\u00eb p\u00ebrfshij\u00eb akomodimin, ushqimin, arg\u00ebtimin, faturat dhe shpenzime t\u00eb tjera. Ne jemi gjithmon\u00eb n\u00eb dispozicion dhe t\u00eb gatsh\u00ebm p\u00ebr t\u00eb ndihmuar student\u00ebt n\u00eb k\u00ebt\u00eb drejtim. Kolegji Dardania ka memorandume bashk\u00ebpunimi, nga t\u00eb cilat student\u00ebt mund t\u00eb p\u00ebrfitojn\u00eb n\u00eb lidhje me akomodimin e p\u00ebrshtatsh\u00ebm p\u00ebr nevojat e tyre.<\/p><p><strong>Shpenzime Tjera<\/strong><br \/>Disa programe mund t\u00eb p\u00ebrfshijn\u00eb kosto shtes\u00eb, p\u00ebr shembull studimi jasht\u00eb vendit, kurse zgjedhore shtes\u00eb, etj. Ju duhet t\u00eb siguroheni q\u00eb jeni n\u00eb dijeni t\u00eb k\u00ebtyre kostove q\u00eb her\u00ebt n\u00eb procesin e aplikimit. Ju mund t\u00eb flisni me stafin ton\u00eb n\u00eb Zyr\u00ebn p\u00ebr Regjistrim dhe Transferim t\u00eb Studimeve p\u00ebr m\u00eb shum\u00eb detaje.<\/p><\/div>\n\t\t\t\t<\/div>\n\t\t\t\t\t\t\t<div class=\"elementor-toggle-item\">\n\t\t\t\t\t<h3 id=\"elementor-tab-title-1243\" class=\"elementor-tab-title\" data-tab=\"3\" role=\"button\" aria-controls=\"elementor-tab-content-1243\" aria-expanded=\"false\">\n\t\t\t\t\t\t\t\t\t\t\t\t<span class=\"elementor-toggle-icon elementor-toggle-icon-right\" aria-hidden=\"true\">\n\t\t\t\t\t\t\t\t\t\t\t\t\t\t\t<span class=\"elementor-toggle-icon-closed\"><i class=\"vamtamtheme- vamtam-theme-arrow-down\"><\/i><\/span>\n\t\t\t\t\t\t\t\t<span class=\"elementor-toggle-icon-opened\"><i class=\"elementor-toggle-icon-opened vamtamtheme- vamtam-theme-arrow-up\"><\/i><\/span>\n\t\t\t\t\t\t\t\t\t\t\t\t\t<\/span>\n\t\t\t\t\t\t\t\t\t\t\t\t<a class=\"elementor-toggle-title\" tabindex=\"0\">Ku \u00ebsht\u00eb lokacioni i Kolegjit Dardania?<\/a>\n\t\t\t\t\t<\/h3>\n\n\t\t\t\t\t<div id=\"elementor-tab-content-1243\" class=\"elementor-tab-content elementor-clearfix\" data-tab=\"3\" role=\"region\" aria-labelledby=\"elementor-tab-title-1243\"><p>Kolegji Dardania ka nj\u00eb lokacion shum\u00eb t\u00eb p\u00ebrshtatsh\u00ebm p\u00ebr student\u00ebt, e cila \u00ebsht\u00eb n\u00eb qend\u00ebr t\u00eb Prishtin\u00ebs. Ejani t\u00eb vizitoni kolegjin ton\u00eb: Rr. Ibrahim Lutfiu nr.93, 10000, Prishtin\u00eb, Kosov\u00eb Ju gjithashtu mundeni t\u00eb <span style=\"text-decoration: underline;\"><a href=\"https:\/\/kolegjidardania.com\/al\/planifikoni-nje-vizite\/\">planifikoni nj\u00eb vizit\u00eb.<\/a><\/span>.<\/p><\/div>\n\t\t\t\t<\/div>\n\t\t\t\t\t\t\t<div class=\"elementor-toggle-item\">\n\t\t\t\t\t<h3 id=\"elementor-tab-title-1244\" class=\"elementor-tab-title\" data-tab=\"4\" role=\"button\" aria-controls=\"elementor-tab-content-1244\" aria-expanded=\"false\">\n\t\t\t\t\t\t\t\t\t\t\t\t<span class=\"elementor-toggle-icon elementor-toggle-icon-right\" aria-hidden=\"true\">\n\t\t\t\t\t\t\t\t\t\t\t\t\t\t\t<span class=\"elementor-toggle-icon-closed\"><i class=\"vamtamtheme- vamtam-theme-arrow-down\"><\/i><\/span>\n\t\t\t\t\t\t\t\t<span class=\"elementor-toggle-icon-opened\"><i class=\"elementor-toggle-icon-opened vamtamtheme- vamtam-theme-arrow-up\"><\/i><\/span>\n\t\t\t\t\t\t\t\t\t\t\t\t\t<\/span>\n\t\t\t\t\t\t\t\t\t\t\t\t<a class=\"elementor-toggle-title\" tabindex=\"0\">A mund t\u00eb aplikoj n\u00eb m\u00eb shum\u00eb se nj\u00eb program studimi?<\/a>\n\t\t\t\t\t<\/h3>\n\n\t\t\t\t\t<div id=\"elementor-tab-content-1244\" class=\"elementor-tab-content elementor-clearfix\" data-tab=\"4\" role=\"region\" aria-labelledby=\"elementor-tab-title-1244\"><p>Po. Ju do t\u00eb duhet t\u00eb paraqisni nj\u00eb k\u00ebrkes\u00eb t\u00eb ve\u00e7ant\u00eb p\u00ebrve\u00e7 materialeve t\u00eb k\u00ebrkuara. N\u00ebse pranoheni n\u00eb m\u00eb shum\u00eb se nj\u00eb program studimi n\u00eb Kolegjin Dardania, at\u00ebher\u00eb do t\u00eb duhet t\u00eb zgjidhni se n\u00eb cilin d\u00ebshironi t\u00eb filloni studimet.<\/p><\/div>\n\t\t\t\t<\/div>\n\t\t\t\t\t\t\t<div class=\"elementor-toggle-item\">\n\t\t\t\t\t<h3 id=\"elementor-tab-title-1245\" class=\"elementor-tab-title\" data-tab=\"5\" role=\"button\" aria-controls=\"elementor-tab-content-1245\" aria-expanded=\"false\">\n\t\t\t\t\t\t\t\t\t\t\t\t<span class=\"elementor-toggle-icon elementor-toggle-icon-right\" aria-hidden=\"true\">\n\t\t\t\t\t\t\t\t\t\t\t\t\t\t\t<span class=\"elementor-toggle-icon-closed\"><i class=\"vamtamtheme- vamtam-theme-arrow-down\"><\/i><\/span>\n\t\t\t\t\t\t\t\t<span class=\"elementor-toggle-icon-opened\"><i class=\"elementor-toggle-icon-opened vamtamtheme- vamtam-theme-arrow-up\"><\/i><\/span>\n\t\t\t\t\t\t\t\t\t\t\t\t\t<\/span>\n\t\t\t\t\t\t\t\t\t\t\t\t<a class=\"elementor-toggle-title\" tabindex=\"0\">Sa koh\u00eb do t\u00eb m\u00eb duhet t\u00eb mbaroj studimet?<\/a>\n\t\t\t\t\t<\/h3>\n\n\t\t\t\t\t<div id=\"elementor-tab-content-1245\" class=\"elementor-tab-content elementor-clearfix\" data-tab=\"5\" role=\"region\" aria-labelledby=\"elementor-tab-title-1245\"><p>Studimet n\u00eb nivelin Bachelor zgjasin tre vite, nd\u00ebrsa n\u00eb nivelin Master zgjasin dy vite.<\/p><\/div>\n\t\t\t\t<\/div>\n\t\t\t\t\t\t\t<div class=\"elementor-toggle-item\">\n\t\t\t\t\t<h3 id=\"elementor-tab-title-1246\" class=\"elementor-tab-title\" data-tab=\"6\" role=\"button\" aria-controls=\"elementor-tab-content-1246\" aria-expanded=\"false\">\n\t\t\t\t\t\t\t\t\t\t\t\t<span class=\"elementor-toggle-icon elementor-toggle-icon-right\" aria-hidden=\"true\">\n\t\t\t\t\t\t\t\t\t\t\t\t\t\t\t<span class=\"elementor-toggle-icon-closed\"><i class=\"vamtamtheme- vamtam-theme-arrow-down\"><\/i><\/span>\n\t\t\t\t\t\t\t\t<span class=\"elementor-toggle-icon-opened\"><i class=\"elementor-toggle-icon-opened vamtamtheme- vamtam-theme-arrow-up\"><\/i><\/span>\n\t\t\t\t\t\t\t\t\t\t\t\t\t<\/span>\n\t\t\t\t\t\t\t\t\t\t\t\t<a class=\"elementor-toggle-title\" tabindex=\"0\">Kur do t\u00eb informohem p\u00ebr pranim t\u00eb regjistrimit?<\/a>\n\t\t\t\t\t<\/h3>\n\n\t\t\t\t\t<div id=\"elementor-tab-content-1246\" class=\"elementor-tab-content elementor-clearfix\" data-tab=\"6\" role=\"region\" aria-labelledby=\"elementor-tab-title-1246\"><p>Pas plot\u00ebsimit t\u00eb t\u00eb gjitha k\u00ebrkesave p\u00ebr regjistrim, do t\u00eb njoftoheni nga Zyra p\u00ebr Regjistrim dhe Transferim t\u00eb Studimeve p\u00ebr pranimin tuaj n\u00eb nj\u00eb nga programet tona t\u00eb studimit brenda jav\u00ebs. Sidoqoft\u00eb mund t\u00eb ket\u00eb raste kur vendimi do t\u00eb vij\u00eb m\u00eb her\u00ebt ose do t\u00eb zgjas\u00eb m\u00eb shum\u00eb. Ne informojm\u00eb student\u00ebt n\u00eb koh\u00eb t\u00eb ndryshme, var\u00ebsisht nga orari i rishikimit t\u00eb \u00e7do programi studimi dhe kur merren materialet e k\u00ebrkuara p\u00ebr dosjen e studentit.<\/p><\/div>\n\t\t\t\t<\/div>\n\t\t\t\t\t\t\t\t<\/div>\n\t\t\t\t<\/div>\n\t\t\t\t<\/div>\n\t\t\t\t\t<\/div>\n\t\t<\/div>\n\t\t\t\t\t\t\t<\/div>\n\t\t<\/section>\n\t\t\t\t\t\t\t<\/div>","protected":false},"excerpt":{"rendered":"<p>FAQ How to apply? Our application process is very easy: 1. You ApplyTell us a little about yourself and we\u2019ll help with the rest. Our convenient online application tool only takes 10 minutes to complete. 2. We ConnectAfter you submit your application, an admissions representative will contact you and will help you to complete the&#8230;<\/p>","protected":false},"author":1,"featured_media":0,"parent":0,"menu_order":16,"comment_status":"closed","ping_status":"closed","template":"","meta":{"inline_featured_image":false,"footnotes":""},"class_list":["post-20607","page","type-page","status-publish","hentry"],"yoast_head":"<!-- This site is optimized with the Yoast SEO plugin v20.0 - https:\/\/yoast.com\/wordpress\/plugins\/seo\/ -->\n<title>FAQ - Dardania College<\/title>\n<meta name=\"robots\" content=\"index, follow, max-snippet:-1, max-image-preview:large, max-video-preview:-1\" \/>\n<link rel=\"canonical\" href=\"https:\/\/kolegjidardania.com\/al\/faq\/\" \/>\n<meta property=\"og:locale\" content=\"sq_AL\" \/>\n<meta property=\"og:type\" content=\"article\" \/>\n<meta property=\"og:title\" content=\"FAQ - Dardania College\" \/>\n<meta property=\"og:description\" content=\"FAQ How to apply? Our application process is very easy: 1. You ApplyTell us a little about yourself and we\u2019ll help with the rest. Our convenient online application tool only takes 10 minutes to complete. 2. We ConnectAfter you submit your application, an admissions representative will contact you and will help you to complete the...\" \/>\n<meta property=\"og:url\" content=\"https:\/\/kolegjidardania.com\/al\/faq\/\" \/>\n<meta property=\"og:site_name\" content=\"Dardania College\" \/>\n<meta property=\"article:modified_time\" content=\"2021-07-01T16:45:50+00:00\" \/>\n<meta name=\"twitter:card\" content=\"summary_large_image\" \/>\n<meta name=\"twitter:label1\" content=\"Est. reading time\" \/>\n\t<meta name=\"twitter:data1\" content=\"3 minuta\" \/>\n<script type=\"application\/ld+json\" class=\"yoast-schema-graph\">{\"@context\":\"https:\/\/schema.org\",\"@graph\":[{\"@type\":\"WebPage\",\"@id\":\"https:\/\/kolegjidardania.com\/en\/faq\/\",\"url\":\"https:\/\/kolegjidardania.com\/en\/faq\/\",\"name\":\"FAQ - Dardania College\",\"isPartOf\":{\"@id\":\"http:\/\/kolegjidardania.com\/al\/#website\"},\"datePublished\":\"2021-01-30T11:33:45+00:00\",\"dateModified\":\"2021-07-01T16:45:50+00:00\",\"breadcrumb\":{\"@id\":\"https:\/\/kolegjidardania.com\/en\/faq\/#breadcrumb\"},\"inLanguage\":\"sq\",\"potentialAction\":[{\"@type\":\"ReadAction\",\"target\":[\"https:\/\/kolegjidardania.com\/en\/faq\/\"]}]},{\"@type\":\"BreadcrumbList\",\"@id\":\"https:\/\/kolegjidardania.com\/en\/faq\/#breadcrumb\",\"itemListElement\":[{\"@type\":\"ListItem\",\"position\":1,\"name\":\"Home\",\"item\":\"https:\/\/kolegjidardania.com\/\"},{\"@type\":\"ListItem\",\"position\":2,\"name\":\"FAQ\"}]},{\"@type\":\"WebSite\",\"@id\":\"http:\/\/kolegjidardania.com\/al\/#website\",\"url\":\"http:\/\/kolegjidardania.com\/al\/\",\"name\":\"Dardania College\",\"description\":\"\",\"publisher\":{\"@id\":\"http:\/\/kolegjidardania.com\/al\/#organization\"},\"potentialAction\":[{\"@type\":\"SearchAction\",\"target\":{\"@type\":\"EntryPoint\",\"urlTemplate\":\"http:\/\/kolegjidardania.com\/al\/?s={search_term_string}\"},\"query-input\":\"required name=search_term_string\"}],\"inLanguage\":\"sq\"},{\"@type\":\"Organization\",\"@id\":\"http:\/\/kolegjidardania.com\/al\/#organization\",\"name\":\"Dardania College\",\"url\":\"http:\/\/kolegjidardania.com\/al\/\",\"logo\":{\"@type\":\"ImageObject\",\"inLanguage\":\"sq\",\"@id\":\"http:\/\/kolegjidardania.com\/al\/#\/schema\/logo\/image\/\",\"url\":\"https:\/\/kolegjidardania.com\/wp-content\/uploads\/2021\/05\/kd_logo.svg\",\"contentUrl\":\"https:\/\/kolegjidardania.com\/wp-content\/uploads\/2021\/05\/kd_logo.svg\",\"width\":250,\"height\":85,\"caption\":\"Dardania College\"},\"image\":{\"@id\":\"http:\/\/kolegjidardania.com\/al\/#\/schema\/logo\/image\/\"}}]}<\/script>\n<!-- \/ Yoast SEO plugin. -->","yoast_head_json":{"title":"FAQ - Dardania College","robots":{"index":"index","follow":"follow","max-snippet":"max-snippet:-1","max-image-preview":"max-image-preview:large","max-video-preview":"max-video-preview:-1"},"canonical":"https:\/\/kolegjidardania.com\/al\/faq\/","og_locale":"sq_AL","og_type":"article","og_title":"FAQ - Dardania College","og_description":"FAQ How to apply? Our application process is very easy: 1. You ApplyTell us a little about yourself and we\u2019ll help with the rest. Our convenient online application tool only takes 10 minutes to complete. 2. We ConnectAfter you submit your application, an admissions representative will contact you and will help you to complete the...","og_url":"https:\/\/kolegjidardania.com\/al\/faq\/","og_site_name":"Dardania College","article_modified_time":"2021-07-01T16:45:50+00:00","twitter_card":"summary_large_image","twitter_misc":{"Est. reading time":"3 minuta"},"schema":{"@context":"https:\/\/schema.org","@graph":[{"@type":"WebPage","@id":"https:\/\/kolegjidardania.com\/en\/faq\/","url":"https:\/\/kolegjidardania.com\/en\/faq\/","name":"FAQ - Dardania College","isPartOf":{"@id":"http:\/\/kolegjidardania.com\/al\/#website"},"datePublished":"2021-01-30T11:33:45+00:00","dateModified":"2021-07-01T16:45:50+00:00","breadcrumb":{"@id":"https:\/\/kolegjidardania.com\/en\/faq\/#breadcrumb"},"inLanguage":"sq","potentialAction":[{"@type":"ReadAction","target":["https:\/\/kolegjidardania.com\/en\/faq\/"]}]},{"@type":"BreadcrumbList","@id":"https:\/\/kolegjidardania.com\/en\/faq\/#breadcrumb","itemListElement":[{"@type":"ListItem","position":1,"name":"Home","item":"https:\/\/kolegjidardania.com\/"},{"@type":"ListItem","position":2,"name":"FAQ"}]},{"@type":"WebSite","@id":"http:\/\/kolegjidardania.com\/al\/#website","url":"http:\/\/kolegjidardania.com\/al\/","name":"Dardania College","description":"","publisher":{"@id":"http:\/\/kolegjidardania.com\/al\/#organization"},"potentialAction":[{"@type":"SearchAction","target":{"@type":"EntryPoint","urlTemplate":"http:\/\/kolegjidardania.com\/al\/?s={search_term_string}"},"query-input":"required name=search_term_string"}],"inLanguage":"sq"},{"@type":"Organization","@id":"http:\/\/kolegjidardania.com\/al\/#organization","name":"Dardania College","url":"http:\/\/kolegjidardania.com\/al\/","logo":{"@type":"ImageObject","inLanguage":"sq","@id":"http:\/\/kolegjidardania.com\/al\/#\/schema\/logo\/image\/","url":"https:\/\/kolegjidardania.com\/wp-content\/uploads\/2021\/05\/kd_logo.svg","contentUrl":"https:\/\/kolegjidardania.com\/wp-content\/uploads\/2021\/05\/kd_logo.svg","width":250,"height":85,"caption":"Dardania College"},"image":{"@id":"http:\/\/kolegjidardania.com\/al\/#\/schema\/logo\/image\/"}}]}},"_links":{"self":[{"href":"https:\/\/kolegjidardania.com\/al\/wp-json\/wp\/v2\/pages\/20607","targetHints":{"allow":["GET"]}}],"collection":[{"href":"https:\/\/kolegjidardania.com\/al\/wp-json\/wp\/v2\/pages"}],"about":[{"href":"https:\/\/kolegjidardania.com\/al\/wp-json\/wp\/v2\/types\/page"}],"author":[{"embeddable":true,"href":"https:\/\/kolegjidardania.com\/al\/wp-json\/wp\/v2\/users\/1"}],"replies":[{"embeddable":true,"href":"https:\/\/kolegjidardania.com\/al\/wp-json\/wp\/v2\/comments?post=20607"}],"version-history":[{"count":0,"href":"https:\/\/kolegjidardania.com\/al\/wp-json\/wp\/v2\/pages\/20607\/revisions"}],"wp:attachment":[{"href":"https:\/\/kolegjidardania.com\/al\/wp-json\/wp\/v2\/media?parent=20607"}],"curies":[{"name":"wp","href":"https:\/\/api.w.org\/{rel}","templated":true}]}}